{"id":557,"date":"2019-07-26T14:30:05","date_gmt":"2019-07-26T14:30:05","guid":{"rendered":"https:\/\/cartridgezone.es\/?post_type=product&#038;p=557"},"modified":"2022-07-15T17:34:21","modified_gmt":"2022-07-15T17:34:21","slug":"hp-903xl-magenta-cartucho-original","status":"publish","type":"product","link":"https:\/\/cartridgezone.es\/index.php\/product\/hp-903xl-magenta-cartucho-original\/","title":{"rendered":"HP 903XL MAGENTA CARTUCHO ORIGINAL"},"content":{"rendered":"<p>HP 903XL MAGENTA CARTUCHO ORIGINAL<\/p>\n<p>Compatibilidades: OfficeJet 6950 All-in-One; OfficeJet Pro 6860 All-in-One; OfficeJet Pro 6950 All-in-One; OfficeJet Pro 6951 All-in-One; OfficeJet Pro 6960 All-in-One; OfficeJet Pro 6961 All-in-One; OfficeJet Pro 6962 All-in-One; OfficeJet Pro 6963 All-in-One; OfficeJet Pro 6964 All-in-One; OfficeJet Pro 6965 All-in-One; OfficeJet Pro 6966 All-in-One; OfficeJet Pro 6968 All-in-One; OfficeJet Pro 6970 All-in-One; OfficeJet Pro 6971 All-in-One; OfficeJet Pro 6974 All-in-One; OfficeJet Pro 6976 All-in-One; OfficeJet Pro 6978 All-in-One; OfficeJet Pro 6979 All-in-One.<\/p>\n<p>HP 903XL MAGENTA CARTUCHO ORIGINAL<\/p>\n<p><strong>Garant\u00eda:<\/strong><\/p>\n<p>En caso de fallo del producto, CartridgeZone ofrece una garant\u00eda de devoluci\u00f3n de 30 d\u00edas, desde la fecha en la que recibes el producto. Por favor, contacta con la tienda en caso de cualquier tipo de problema, siempre estaremos dispuestos a ayudarte y atenderte, la cercan\u00eda es uno de nuestros principales valores. Si tienes alguna duda sobre cu\u00e1l es el m\u00e1s adecuado para ti, no dudes en ponerte en contacto con nosotros en el 941 502813, por whatssap en el 699603470 o mediante correo electr\u00f3nico.<\/p>\n<p>Somos una empresa riojana l\u00edder en el sector de la impresi\u00f3n desde el a\u00f1o 2012. Nos encontramos en el centro de Logro\u00f1o, en Avenida P\u00e9rez Gald\u00f3s 43. \u00a1P\u00e1sate por nuestra tienda y pide presupuesto sin compromiso!<\/p>\n<p>Imprima de forma segura: los cartuchos Originales HP han sido dise\u00f1ados de manera respetuosa con el entorno para un reciclaje sencillo y un menor n\u00famero de residuos.<\/p>\n<p>Los cartuchos Originales HP son los \u00fanicos cartuchos que han sido desarrollados de forma precisa con las impresoras HP para ofrecer unos buenos resultados, una calidad fiable y un rendimiento uniforme.<\/p>\n<p>Sustituye f\u00e1cilmente los cartuchos y realiza grandes vol\u00famenes de trabajos de impresi\u00f3n con los cartuchos de tinta Originales HP.<\/p>\n<p>Imprime informes en color, mensajes de correo electr\u00f3nico, propuestas y otros documentos profesionales en una amplia variedad de papeles.<\/p>\n<p>A\u00f1ada color impresionante a su impresi\u00f3n profesional, obtenga colores vivos con las tintas pigmentadas dise\u00f1adas para la oficina.<\/p>\n<p>Crea impresiones resistentes al agua, a las manchas y a la decoloraci\u00f3n.<\/p>\n<p>Garantiza un excelente rendimiento y unos resultados de gran calidad a altas velocidades con las tintas patentadas de HP.<\/p>\n<p>Los cartuchos de tinta de alta capacidad opcionales imprimen hasta el doble de p\u00e1ginas y son m\u00e1s rentables cuando se imprime con frecuencia.<\/p>\n<p>Gracias al programa Dise\u00f1o para el medioambiente, HP dise\u00f1a productos para que sean reciclables y eficientes desde el punto de vista energ\u00e9tico.<\/p>\n<p><a href=\"https:\/\/www.hp.com\/es-es\/shop\/list.aspx?sel=NTB&amp;ctrl=f&amp;fc_seg_home=1&amp;fc_scrn_15=1&amp;fc_sb_essential=1&amp;gclsrc=aw.ds&amp;gclid=CjwKCAjwoMSWBhAdEiwAVJ2ndrwnE5Lp2VkTbUV_3-uACruWCQZMzv6XrRqeSIzSIRklPC-RSzCG2xoCNIcQAvD_BwE\">https:\/\/www.hp.com\/es-es\/shop\/list.aspx?sel=NTB&amp;ctrl=f&amp;fc_seg_home=1&amp;fc_scrn_15=1&amp;fc_sb_essential=1&amp;gclsrc=aw.ds&amp;gclid=CjwKCAjwoMSWBhAdEiwAVJ2ndrwnE5Lp2VkTbUV_3-uACruWCQZMzv6XrRqeSIzSIRklPC-RSzCG2xoCNIcQAvD_BwE<\/a><\/p>\n<p><a href=\"https:\/\/cartridgezone.es\/index.php\/product\/hp-903xl-cyan-cartucho-original\/\">https:\/\/cartridgezone.es\/index.php\/product\/hp-903xl-cyan-cartucho-original\/<\/a><\/p>\n<p>&nbsp;<\/p>\n","protected":false},"excerpt":{"rendered":"<p>Cartucho de tinta original HP 903XL (T6M07AE) de alta calidad.<\/p>\n","protected":false},"featured_media":552,"comment_status":"open","ping_status":"closed","template":"","meta":{"jetpack_post_was_ever_published":false,"jetpack_publicize_message":"","jetpack_publicize_feature_enabled":true,"jetpack_social_post_already_shared":true,"jetpack_social_options":{"image_generator_settings":{"template":"highway","default_image_id":0,"font":"","enabled":false},"version":2}},"product_brand":[],"product_cat":[21,246,30],"product_tag":[],"class_list":{"0":"post-557","1":"product","2":"type-product","3":"status-publish","4":"has-post-thumbnail","6":"product_cat-cartucho-tinta","7":"product_cat-hp-903","8":"product_cat-hp-tinta","11":"first","12":"instock","13":"taxable","14":"shipping-taxable","15":"purchasable","16":"product-type-simple"},"yoast_head":"<!-- This site is optimized with the Yoast SEO plugin v27.2 - https:\/\/yoast.com\/product\/yoast-seo-wordpress\/ -->\n<title>HP 903XL MAGENTA CARTUCHO ORIGINAL - Cartridge&#039;s Zone<\/title>\n<meta name=\"description\" content=\"Pide tu HP 903XL MAGENTA CARTUCHO ORIGINAL antes de las 14:00h y rec\u00edbelo ma\u00f1ana. Env\u00edo r\u00e1pido. Marcas: Canon, HP, Epson, Brother, OKI, Samsung.\" \/>\n<meta name=\"robots\" content=\"index, follow, max-snippet:-1, max-image-preview:large, max-video-preview:-1\" \/>\n<link rel=\"canonical\" href=\"https:\/\/cartridgezone.es\/index.php\/product\/hp-903xl-magenta-cartucho-original\/\" \/>\n<meta property=\"og:locale\" content=\"es_ES\" \/>\n<meta property=\"og:type\" content=\"article\" \/>\n<meta property=\"og:title\" content=\"HP 903XL MAGENTA CARTUCHO ORIGINAL - Cartridge&#039;s Zone\" \/>\n<meta property=\"og:description\" content=\"Pide tu HP 903XL MAGENTA CARTUCHO ORIGINAL antes de las 14:00h y rec\u00edbelo ma\u00f1ana. Env\u00edo r\u00e1pido. Marcas: Canon, HP, Epson, Brother, OKI, Samsung.\" \/>\n<meta property=\"og:url\" content=\"https:\/\/cartridgezone.es\/index.php\/product\/hp-903xl-magenta-cartucho-original\/\" \/>\n<meta property=\"og:site_name\" content=\"Cartridge&#039;s Zone\" \/>\n<meta property=\"article:publisher\" content=\"https:\/\/es-la.facebook.com\/cartridgezone\/\" \/>\n<meta property=\"article:modified_time\" content=\"2022-07-15T17:34:21+00:00\" \/>\n<meta property=\"og:image\" content=\"https:\/\/cartridgezone.es\/wp-content\/uploads\/2019\/07\/HP903XLMO.jpg\" \/>\n\t<meta property=\"og:image:width\" content=\"750\" \/>\n\t<meta property=\"og:image:height\" content=\"750\" \/>\n\t<meta property=\"og:image:type\" content=\"image\/jpeg\" \/>\n<meta name=\"twitter:card\" content=\"summary_large_image\" \/>\n<meta name=\"twitter:label1\" content=\"Tiempo de lectura\" \/>\n\t<meta name=\"twitter:data1\" content=\"2 minutos\" \/>\n<script type=\"application\/ld+json\" class=\"yoast-schema-graph\">{\"@context\":\"https:\/\/schema.org\",\"@graph\":[{\"@type\":\"WebPage\",\"@id\":\"https:\/\/cartridgezone.es\/index.php\/product\/hp-903xl-magenta-cartucho-original\/\",\"url\":\"https:\/\/cartridgezone.es\/index.php\/product\/hp-903xl-magenta-cartucho-original\/\",\"name\":\"HP 903XL MAGENTA CARTUCHO ORIGINAL - Cartridge&#039;s Zone\",\"isPartOf\":{\"@id\":\"https:\/\/cartridgezone.es\/#website\"},\"primaryImageOfPage\":{\"@id\":\"https:\/\/cartridgezone.es\/index.php\/product\/hp-903xl-magenta-cartucho-original\/#primaryimage\"},\"image\":{\"@id\":\"https:\/\/cartridgezone.es\/index.php\/product\/hp-903xl-magenta-cartucho-original\/#primaryimage\"},\"thumbnailUrl\":\"https:\/\/cartridgezone.es\/wp-content\/uploads\/2019\/07\/HP903XLMO.jpg\",\"datePublished\":\"2019-07-26T14:30:05+00:00\",\"dateModified\":\"2022-07-15T17:34:21+00:00\",\"description\":\"Pide tu HP 903XL MAGENTA CARTUCHO ORIGINAL antes de las 14:00h y rec\u00edbelo ma\u00f1ana. Env\u00edo r\u00e1pido. Marcas: Canon, HP, Epson, Brother, OKI, Samsung.\",\"breadcrumb\":{\"@id\":\"https:\/\/cartridgezone.es\/index.php\/product\/hp-903xl-magenta-cartucho-original\/#breadcrumb\"},\"inLanguage\":\"es\",\"potentialAction\":[{\"@type\":\"ReadAction\",\"target\":[\"https:\/\/cartridgezone.es\/index.php\/product\/hp-903xl-magenta-cartucho-original\/\"]}]},{\"@type\":\"ImageObject\",\"inLanguage\":\"es\",\"@id\":\"https:\/\/cartridgezone.es\/index.php\/product\/hp-903xl-magenta-cartucho-original\/#primaryimage\",\"url\":\"https:\/\/cartridgezone.es\/wp-content\/uploads\/2019\/07\/HP903XLMO.jpg\",\"contentUrl\":\"https:\/\/cartridgezone.es\/wp-content\/uploads\/2019\/07\/HP903XLMO.jpg\",\"width\":750,\"height\":750,\"caption\":\"HP 903XL MAGENTA CARTUCHO ORIGINAL\"},{\"@type\":\"BreadcrumbList\",\"@id\":\"https:\/\/cartridgezone.es\/index.php\/product\/hp-903xl-magenta-cartucho-original\/#breadcrumb\",\"itemListElement\":[{\"@type\":\"ListItem\",\"position\":1,\"name\":\"Home\",\"item\":\"https:\/\/cartridgezone.es\/\"},{\"@type\":\"ListItem\",\"position\":2,\"name\":\"Shop\",\"item\":\"https:\/\/cartridgezone.es\/index.php\/shop\/\"},{\"@type\":\"ListItem\",\"position\":3,\"name\":\"HP 903XL MAGENTA CARTUCHO ORIGINAL\"}]},{\"@type\":\"WebSite\",\"@id\":\"https:\/\/cartridgezone.es\/#website\",\"url\":\"https:\/\/cartridgezone.es\/\",\"name\":\"Cartridge&#039;s Zone\",\"description\":\"Cartuchos de tinta y t\u00f3ner\",\"publisher\":{\"@id\":\"https:\/\/cartridgezone.es\/#organization\"},\"potentialAction\":[{\"@type\":\"SearchAction\",\"target\":{\"@type\":\"EntryPoint\",\"urlTemplate\":\"https:\/\/cartridgezone.es\/?s={search_term_string}\"},\"query-input\":{\"@type\":\"PropertyValueSpecification\",\"valueRequired\":true,\"valueName\":\"search_term_string\"}}],\"inLanguage\":\"es\"},{\"@type\":\"Organization\",\"@id\":\"https:\/\/cartridgezone.es\/#organization\",\"name\":\"CartridgeZone\",\"url\":\"https:\/\/cartridgezone.es\/\",\"logo\":{\"@type\":\"ImageObject\",\"inLanguage\":\"es\",\"@id\":\"https:\/\/cartridgezone.es\/#\/schema\/logo\/image\/\",\"url\":\"https:\/\/cartridgezone.es\/wp-content\/uploads\/2022\/07\/logo-2.jpeg\",\"contentUrl\":\"https:\/\/cartridgezone.es\/wp-content\/uploads\/2022\/07\/logo-2.jpeg\",\"width\":866,\"height\":352,\"caption\":\"CartridgeZone\"},\"image\":{\"@id\":\"https:\/\/cartridgezone.es\/#\/schema\/logo\/image\/\"},\"sameAs\":[\"https:\/\/es-la.facebook.com\/cartridgezone\/\",\"https:\/\/www.instagram.com\/cartridge_zone\/\"]}]}<\/script>\n<!-- \/ Yoast SEO plugin. -->","yoast_head_json":{"title":"HP 903XL MAGENTA CARTUCHO ORIGINAL - Cartridge&#039;s Zone","description":"Pide tu HP 903XL MAGENTA CARTUCHO ORIGINAL antes de las 14:00h y rec\u00edbelo ma\u00f1ana. Env\u00edo r\u00e1pido. Marcas: Canon, HP, Epson, Brother, OKI, Samsung.","robots":{"index":"index","follow":"follow","max-snippet":"max-snippet:-1","max-image-preview":"max-image-preview:large","max-video-preview":"max-video-preview:-1"},"canonical":"https:\/\/cartridgezone.es\/index.php\/product\/hp-903xl-magenta-cartucho-original\/","og_locale":"es_ES","og_type":"article","og_title":"HP 903XL MAGENTA CARTUCHO ORIGINAL - Cartridge&#039;s Zone","og_description":"Pide tu HP 903XL MAGENTA CARTUCHO ORIGINAL antes de las 14:00h y rec\u00edbelo ma\u00f1ana. Env\u00edo r\u00e1pido. Marcas: Canon, HP, Epson, Brother, OKI, Samsung.","og_url":"https:\/\/cartridgezone.es\/index.php\/product\/hp-903xl-magenta-cartucho-original\/","og_site_name":"Cartridge&#039;s Zone","article_publisher":"https:\/\/es-la.facebook.com\/cartridgezone\/","article_modified_time":"2022-07-15T17:34:21+00:00","og_image":[{"width":750,"height":750,"url":"https:\/\/cartridgezone.es\/wp-content\/uploads\/2019\/07\/HP903XLMO.jpg","type":"image\/jpeg"}],"twitter_card":"summary_large_image","twitter_misc":{"Tiempo de lectura":"2 minutos"},"schema":{"@context":"https:\/\/schema.org","@graph":[{"@type":"WebPage","@id":"https:\/\/cartridgezone.es\/index.php\/product\/hp-903xl-magenta-cartucho-original\/","url":"https:\/\/cartridgezone.es\/index.php\/product\/hp-903xl-magenta-cartucho-original\/","name":"HP 903XL MAGENTA CARTUCHO ORIGINAL - Cartridge&#039;s Zone","isPartOf":{"@id":"https:\/\/cartridgezone.es\/#website"},"primaryImageOfPage":{"@id":"https:\/\/cartridgezone.es\/index.php\/product\/hp-903xl-magenta-cartucho-original\/#primaryimage"},"image":{"@id":"https:\/\/cartridgezone.es\/index.php\/product\/hp-903xl-magenta-cartucho-original\/#primaryimage"},"thumbnailUrl":"https:\/\/cartridgezone.es\/wp-content\/uploads\/2019\/07\/HP903XLMO.jpg","datePublished":"2019-07-26T14:30:05+00:00","dateModified":"2022-07-15T17:34:21+00:00","description":"Pide tu HP 903XL MAGENTA CARTUCHO ORIGINAL antes de las 14:00h y rec\u00edbelo ma\u00f1ana. Env\u00edo r\u00e1pido. Marcas: Canon, HP, Epson, Brother, OKI, Samsung.","breadcrumb":{"@id":"https:\/\/cartridgezone.es\/index.php\/product\/hp-903xl-magenta-cartucho-original\/#breadcrumb"},"inLanguage":"es","potentialAction":[{"@type":"ReadAction","target":["https:\/\/cartridgezone.es\/index.php\/product\/hp-903xl-magenta-cartucho-original\/"]}]},{"@type":"ImageObject","inLanguage":"es","@id":"https:\/\/cartridgezone.es\/index.php\/product\/hp-903xl-magenta-cartucho-original\/#primaryimage","url":"https:\/\/cartridgezone.es\/wp-content\/uploads\/2019\/07\/HP903XLMO.jpg","contentUrl":"https:\/\/cartridgezone.es\/wp-content\/uploads\/2019\/07\/HP903XLMO.jpg","width":750,"height":750,"caption":"HP 903XL MAGENTA CARTUCHO ORIGINAL"},{"@type":"BreadcrumbList","@id":"https:\/\/cartridgezone.es\/index.php\/product\/hp-903xl-magenta-cartucho-original\/#breadcrumb","itemListElement":[{"@type":"ListItem","position":1,"name":"Home","item":"https:\/\/cartridgezone.es\/"},{"@type":"ListItem","position":2,"name":"Shop","item":"https:\/\/cartridgezone.es\/index.php\/shop\/"},{"@type":"ListItem","position":3,"name":"HP 903XL MAGENTA CARTUCHO ORIGINAL"}]},{"@type":"WebSite","@id":"https:\/\/cartridgezone.es\/#website","url":"https:\/\/cartridgezone.es\/","name":"Cartridge&#039;s Zone","description":"Cartuchos de tinta y t\u00f3ner","publisher":{"@id":"https:\/\/cartridgezone.es\/#organization"},"potentialAction":[{"@type":"SearchAction","target":{"@type":"EntryPoint","urlTemplate":"https:\/\/cartridgezone.es\/?s={search_term_string}"},"query-input":{"@type":"PropertyValueSpecification","valueRequired":true,"valueName":"search_term_string"}}],"inLanguage":"es"},{"@type":"Organization","@id":"https:\/\/cartridgezone.es\/#organization","name":"CartridgeZone","url":"https:\/\/cartridgezone.es\/","logo":{"@type":"ImageObject","inLanguage":"es","@id":"https:\/\/cartridgezone.es\/#\/schema\/logo\/image\/","url":"https:\/\/cartridgezone.es\/wp-content\/uploads\/2022\/07\/logo-2.jpeg","contentUrl":"https:\/\/cartridgezone.es\/wp-content\/uploads\/2022\/07\/logo-2.jpeg","width":866,"height":352,"caption":"CartridgeZone"},"image":{"@id":"https:\/\/cartridgezone.es\/#\/schema\/logo\/image\/"},"sameAs":["https:\/\/es-la.facebook.com\/cartridgezone\/","https:\/\/www.instagram.com\/cartridge_zone\/"]}]}},"jetpack_publicize_connections":[],"jetpack_sharing_enabled":true,"_links":{"self":[{"href":"https:\/\/cartridgezone.es\/index.php\/wp-json\/wp\/v2\/product\/557","targetHints":{"allow":["GET"]}}],"collection":[{"href":"https:\/\/cartridgezone.es\/index.php\/wp-json\/wp\/v2\/product"}],"about":[{"href":"https:\/\/cartridgezone.es\/index.php\/wp-json\/wp\/v2\/types\/product"}],"replies":[{"embeddable":true,"href":"https:\/\/cartridgezone.es\/index.php\/wp-json\/wp\/v2\/comments?post=557"}],"version-history":[{"count":1,"href":"https:\/\/cartridgezone.es\/index.php\/wp-json\/wp\/v2\/product\/557\/revisions"}],"predecessor-version":[{"id":10732,"href":"https:\/\/cartridgezone.es\/index.php\/wp-json\/wp\/v2\/product\/557\/revisions\/10732"}],"wp:featuredmedia":[{"embeddable":true,"href":"https:\/\/cartridgezone.es\/index.php\/wp-json\/wp\/v2\/media\/552"}],"wp:attachment":[{"href":"https:\/\/cartridgezone.es\/index.php\/wp-json\/wp\/v2\/media?parent=557"}],"wp:term":[{"taxonomy":"product_brand","embeddable":true,"href":"https:\/\/cartridgezone.es\/index.php\/wp-json\/wp\/v2\/product_brand?post=557"},{"taxonomy":"product_cat","embeddable":true,"href":"https:\/\/cartridgezone.es\/index.php\/wp-json\/wp\/v2\/product_cat?post=557"},{"taxonomy":"product_tag","embeddable":true,"href":"https:\/\/cartridgezone.es\/index.php\/wp-json\/wp\/v2\/product_tag?post=557"}],"curies":[{"name":"wp","href":"https:\/\/api.w.org\/{rel}","templated":true}]}}