{"id":419,"date":"2019-02-26T12:15:27","date_gmt":"2019-02-26T12:15:27","guid":{"rendered":"https:\/\/cartridgezone.es\/?post_type=product&#038;p=419"},"modified":"2022-07-14T20:29:38","modified_gmt":"2022-07-14T20:29:38","slug":"hp-301-negro-cartucho-de-tinta-original","status":"publish","type":"product","link":"https:\/\/cartridgezone.es\/index.php\/product\/hp-301-negro-cartucho-de-tinta-original\/","title":{"rendered":"HP 301 CARTUCHO ORIGINAL"},"content":{"rendered":"<p>HP 301 CARTUCHO\u00a0 ORIGINAL<\/p>\n<p>Compatibilidades: Deskjet 1000; Deskjet 1000 J110A; Deskjet 1010; DeskJet 1050; DeskJet 1050a; Deskjet 1055; Deskjet 1510 All-in-One; Deskjet 1512 All-in-One; Deskjet 1513 All-in-One; Deskjet 1514; Deskjet 2000; DeskJet 2050; DeskJet 2050 All-in-One; DeskJet 2050a; DeskJet 2050A All-in-One; DeskJet 2050S; DeskJet 2050se; DeskJet 2054a; DeskJet 2054A All-in-One; DeskJet 2510; DeskJet 2510 All-in-One; Deskjet 2511; Deskjet 2512; DeskJet 2514; DeskJet 2514 All-in-one; Deskjet 2540 All-in-One; Deskjet 2541; Deskjet 2542 All-in-One; Deskjet 2543; DeskJet 2544 All-in-One; Deskjet 2545; Deskjet 2546; Deskjet 2547; DeskJet 2549 All-in-One; Deskjet 2550; Deskjet 3000; Deskjet 3000 J310A; DeskJet 3050; DeskJet 3050 All-in-One; DeskJet 3050a; DeskJet 3050A e-All-in-One; DeskJet 3050se; DeskJet 3050ve; DeskJet 3052; DeskJet 3052a; DeskJet 3054; DeskJet 3054a; Deskjet 3055; DeskJet 3055A; DeskJet 3055A All-in-One; Deskjet 3056A; DeskJet 3057A; DeskJet 3057A All-in-One; DeskJet 3059A; Envy 4500 All-in-One; Envy 4501 e-All-in-One; Envy 4502 e-All-in-One; Envy 4503 e-All-in-One; Envy 4504 e-All-in-One; Envy 4505 e-All-in-One; Envy 4506 e-All-in-One; Envy 4507 e-All-in-One; Envy 4508 e-All-in-One; Envy 5530 e-All-in-One; Envy 5532 e-All-in-One; Envy 5534 e-All-in-One; Envy 5535 e-All-in-One; Envy 5536 e-All-in-One; Envy 5539 e-All-in-One; Officejet 2600 Series; Officejet 2620 All-in-One; Officejet 2622 All-in-One; Officejet 2624 All-in-One; Officejet 4630; Officejet 4631; Officejet 4632; Officejet 4634; Officejet 4635; Officejet 4636; Officejet 4639.<\/p>\n<p>HP 301 CARTUCHO\u00a0 ORIGINAL<\/p>\n<p>Fabricado siguiendo todas las normativas vigentes y siendo respetuosos con el medio ambiente. Reciclamos cada componente de nuestros cartuchos.<\/p>\n<p><strong>\u00a1 Adelante prueba este en vez del original! <\/strong>No hay diferencia de calidad y es mucho m\u00e1s barato.<\/p>\n<p>Fabricado siguiendo todas las normativas vigentes y siendo respetuosos con el medio ambiente. Reciclamos cada componente de nuestros cartuchos.<\/p>\n<p class=\"p1\"><b>Garant\u00eda:<\/b><\/p>\n<p class=\"p2\">En caso de fallo del producto, CartridgeZone ofrece una garant\u00eda de devoluci\u00f3n de 30 d\u00edas, desde la fecha en la que recibes el producto. Por favor, contacta con la tienda en caso de cualquier tipo de problema, siempre estaremos dispuestos a ayudarte y atenderte, la cercan\u00eda es uno de nuestros principales valores. Si tienes alguna duda sobre cu\u00e1l es el m\u00e1s adecuado para ti, no dudes en ponerte en contacto con nosotros en el 941 502813, por whatssap en el 699603470 o mediante correo electr\u00f3nico.<\/p>\n<p class=\"p2\">Somos una empresa riojana l\u00edder en el sector de la impresi\u00f3n desde el a\u00f1o 2012. Nos encontramos en el centro de Logro\u00f1o, en Avenida P\u00e9rez Gald\u00f3s 43. \u00a1P\u00e1sate por nuestra tienda y pide presupuesto sin compromiso!<\/p>\n<p>&nbsp;<\/p>\n<p><a href=\"https:\/\/www.hp.com\/es-es\/search.html#qt=HP%20301\">https:\/\/www.hp.com\/es-es\/search.html#qt=HP%20301<\/a><\/p>\n<p><a href=\"https:\/\/cartridgezone.es\/index.php\/product\/hp-301-negro-tricolor-multipack-original\/\">https:\/\/cartridgezone.es\/index.php\/product\/hp-301-negro-tricolor-multipack-original\/<\/a><\/p>\n<p>&nbsp;<\/p>\n","protected":false},"excerpt":{"rendered":"<p>Cartucho de tinta original HP 301 (CH561EE) de alta calidad.<\/p>\n","protected":false},"featured_media":420,"comment_status":"open","ping_status":"closed","template":"","meta":{"jetpack_post_was_ever_published":false,"jetpack_publicize_message":"","jetpack_publicize_feature_enabled":true,"jetpack_social_post_already_shared":true,"jetpack_social_options":{"image_generator_settings":{"template":"highway","default_image_id":0,"font":"","enabled":false},"version":2}},"product_brand":[],"product_cat":[21,30],"product_tag":[],"class_list":{"0":"post-419","1":"product","2":"type-product","3":"status-publish","4":"has-post-thumbnail","6":"product_cat-cartucho-tinta","7":"product_cat-hp-tinta","10":"first","11":"instock","12":"taxable","13":"shipping-taxable","14":"purchasable","15":"product-type-simple"},"yoast_head":"<!-- This site is optimized with the Yoast SEO plugin v27.2 - https:\/\/yoast.com\/product\/yoast-seo-wordpress\/ -->\n<title>HP 301 CARTUCHO ORIGINAL - Cartridge&#039;s Zone<\/title>\n<meta name=\"description\" content=\"HP 301 CARTUCHO ORIGINAL-PIDELO ANTES DE LAS 14:00 Y RECIBELO MA\u00d1ANA.TOTAL GARANTIA.ENVIO URGENTE A TODA ESPA\u00d1A EXCEPTUANDO BALEARES Y CANARIAS.\" \/>\n<meta name=\"robots\" content=\"index, follow, max-image-preview:large, max-video-preview:-1, nosnippet\" \/>\n<link rel=\"canonical\" href=\"https:\/\/cartridgezone.es\/index.php\/product\/hp-301-negro-cartucho-de-tinta-original\/\" \/>\n<meta property=\"og:locale\" content=\"es_ES\" \/>\n<meta property=\"og:type\" content=\"article\" \/>\n<meta property=\"og:title\" content=\"HP 301 CARTUCHO ORIGINAL - Cartridge&#039;s Zone\" \/>\n<meta property=\"og:description\" content=\"HP 301 CARTUCHO ORIGINAL-PIDELO ANTES DE LAS 14:00 Y RECIBELO MA\u00d1ANA.TOTAL GARANTIA.ENVIO URGENTE A TODA ESPA\u00d1A EXCEPTUANDO BALEARES Y CANARIAS.\" \/>\n<meta property=\"og:url\" content=\"https:\/\/cartridgezone.es\/index.php\/product\/hp-301-negro-cartucho-de-tinta-original\/\" \/>\n<meta property=\"og:site_name\" content=\"Cartridge&#039;s Zone\" \/>\n<meta property=\"article:publisher\" content=\"https:\/\/es-la.facebook.com\/cartridgezone\/\" \/>\n<meta property=\"article:modified_time\" content=\"2022-07-14T20:29:38+00:00\" \/>\n<meta property=\"og:image\" content=\"https:\/\/cartridgezone.es\/wp-content\/uploads\/2019\/02\/HP301BKO.jpg\" \/>\n\t<meta property=\"og:image:width\" content=\"225\" \/>\n\t<meta property=\"og:image:height\" content=\"225\" \/>\n\t<meta property=\"og:image:type\" content=\"image\/jpeg\" \/>\n<meta name=\"twitter:card\" content=\"summary_large_image\" \/>\n<meta name=\"twitter:label1\" content=\"Tiempo de lectura\" \/>\n\t<meta name=\"twitter:data1\" content=\"2 minutos\" \/>\n<script type=\"application\/ld+json\" class=\"yoast-schema-graph\">{\"@context\":\"https:\/\/schema.org\",\"@graph\":[{\"@type\":\"WebPage\",\"@id\":\"https:\/\/cartridgezone.es\/index.php\/product\/hp-301-negro-cartucho-de-tinta-original\/\",\"url\":\"https:\/\/cartridgezone.es\/index.php\/product\/hp-301-negro-cartucho-de-tinta-original\/\",\"name\":\"HP 301 CARTUCHO ORIGINAL - Cartridge&#039;s Zone\",\"isPartOf\":{\"@id\":\"https:\/\/cartridgezone.es\/#website\"},\"primaryImageOfPage\":{\"@id\":\"https:\/\/cartridgezone.es\/index.php\/product\/hp-301-negro-cartucho-de-tinta-original\/#primaryimage\"},\"image\":{\"@id\":\"https:\/\/cartridgezone.es\/index.php\/product\/hp-301-negro-cartucho-de-tinta-original\/#primaryimage\"},\"thumbnailUrl\":\"https:\/\/cartridgezone.es\/wp-content\/uploads\/2019\/02\/HP301BKO.jpg\",\"datePublished\":\"2019-02-26T12:15:27+00:00\",\"dateModified\":\"2022-07-14T20:29:38+00:00\",\"description\":\"HP 301 CARTUCHO ORIGINAL-PIDELO ANTES DE LAS 14:00 Y RECIBELO MA\u00d1ANA.TOTAL GARANTIA.ENVIO URGENTE A TODA ESPA\u00d1A EXCEPTUANDO BALEARES Y CANARIAS.\",\"breadcrumb\":{\"@id\":\"https:\/\/cartridgezone.es\/index.php\/product\/hp-301-negro-cartucho-de-tinta-original\/#breadcrumb\"},\"inLanguage\":\"es\",\"potentialAction\":[{\"@type\":\"ReadAction\",\"target\":[\"https:\/\/cartridgezone.es\/index.php\/product\/hp-301-negro-cartucho-de-tinta-original\/\"]}]},{\"@type\":\"ImageObject\",\"inLanguage\":\"es\",\"@id\":\"https:\/\/cartridgezone.es\/index.php\/product\/hp-301-negro-cartucho-de-tinta-original\/#primaryimage\",\"url\":\"https:\/\/cartridgezone.es\/wp-content\/uploads\/2019\/02\/HP301BKO.jpg\",\"contentUrl\":\"https:\/\/cartridgezone.es\/wp-content\/uploads\/2019\/02\/HP301BKO.jpg\",\"width\":225,\"height\":225,\"caption\":\"HP 301 CARTUCHO TINTA ORIGINAL\"},{\"@type\":\"BreadcrumbList\",\"@id\":\"https:\/\/cartridgezone.es\/index.php\/product\/hp-301-negro-cartucho-de-tinta-original\/#breadcrumb\",\"itemListElement\":[{\"@type\":\"ListItem\",\"position\":1,\"name\":\"Home\",\"item\":\"https:\/\/cartridgezone.es\/\"},{\"@type\":\"ListItem\",\"position\":2,\"name\":\"Shop\",\"item\":\"https:\/\/cartridgezone.es\/index.php\/shop\/\"},{\"@type\":\"ListItem\",\"position\":3,\"name\":\"HP 301 CARTUCHO ORIGINAL\"}]},{\"@type\":\"WebSite\",\"@id\":\"https:\/\/cartridgezone.es\/#website\",\"url\":\"https:\/\/cartridgezone.es\/\",\"name\":\"Cartridge&#039;s Zone\",\"description\":\"Cartuchos de tinta y t\u00f3ner\",\"publisher\":{\"@id\":\"https:\/\/cartridgezone.es\/#organization\"},\"potentialAction\":[{\"@type\":\"SearchAction\",\"target\":{\"@type\":\"EntryPoint\",\"urlTemplate\":\"https:\/\/cartridgezone.es\/?s={search_term_string}\"},\"query-input\":{\"@type\":\"PropertyValueSpecification\",\"valueRequired\":true,\"valueName\":\"search_term_string\"}}],\"inLanguage\":\"es\"},{\"@type\":\"Organization\",\"@id\":\"https:\/\/cartridgezone.es\/#organization\",\"name\":\"CartridgeZone\",\"url\":\"https:\/\/cartridgezone.es\/\",\"logo\":{\"@type\":\"ImageObject\",\"inLanguage\":\"es\",\"@id\":\"https:\/\/cartridgezone.es\/#\/schema\/logo\/image\/\",\"url\":\"https:\/\/cartridgezone.es\/wp-content\/uploads\/2022\/07\/logo-2.jpeg\",\"contentUrl\":\"https:\/\/cartridgezone.es\/wp-content\/uploads\/2022\/07\/logo-2.jpeg\",\"width\":866,\"height\":352,\"caption\":\"CartridgeZone\"},\"image\":{\"@id\":\"https:\/\/cartridgezone.es\/#\/schema\/logo\/image\/\"},\"sameAs\":[\"https:\/\/es-la.facebook.com\/cartridgezone\/\",\"https:\/\/www.instagram.com\/cartridge_zone\/\"]}]}<\/script>\n<!-- \/ Yoast SEO plugin. -->","yoast_head_json":{"title":"HP 301 CARTUCHO ORIGINAL - Cartridge&#039;s Zone","description":"HP 301 CARTUCHO ORIGINAL-PIDELO ANTES DE LAS 14:00 Y RECIBELO MA\u00d1ANA.TOTAL GARANTIA.ENVIO URGENTE A TODA ESPA\u00d1A EXCEPTUANDO BALEARES Y CANARIAS.","robots":{"index":"index","follow":"follow","max-image-preview":"max-image-preview:large","max-video-preview":"max-video-preview:-1","snippet":"nosnippet"},"canonical":"https:\/\/cartridgezone.es\/index.php\/product\/hp-301-negro-cartucho-de-tinta-original\/","og_locale":"es_ES","og_type":"article","og_title":"HP 301 CARTUCHO ORIGINAL - Cartridge&#039;s Zone","og_description":"HP 301 CARTUCHO ORIGINAL-PIDELO ANTES DE LAS 14:00 Y RECIBELO MA\u00d1ANA.TOTAL GARANTIA.ENVIO URGENTE A TODA ESPA\u00d1A EXCEPTUANDO BALEARES Y CANARIAS.","og_url":"https:\/\/cartridgezone.es\/index.php\/product\/hp-301-negro-cartucho-de-tinta-original\/","og_site_name":"Cartridge&#039;s Zone","article_publisher":"https:\/\/es-la.facebook.com\/cartridgezone\/","article_modified_time":"2022-07-14T20:29:38+00:00","og_image":[{"width":225,"height":225,"url":"https:\/\/cartridgezone.es\/wp-content\/uploads\/2019\/02\/HP301BKO.jpg","type":"image\/jpeg"}],"twitter_card":"summary_large_image","twitter_misc":{"Tiempo de lectura":"2 minutos"},"schema":{"@context":"https:\/\/schema.org","@graph":[{"@type":"WebPage","@id":"https:\/\/cartridgezone.es\/index.php\/product\/hp-301-negro-cartucho-de-tinta-original\/","url":"https:\/\/cartridgezone.es\/index.php\/product\/hp-301-negro-cartucho-de-tinta-original\/","name":"HP 301 CARTUCHO ORIGINAL - Cartridge&#039;s Zone","isPartOf":{"@id":"https:\/\/cartridgezone.es\/#website"},"primaryImageOfPage":{"@id":"https:\/\/cartridgezone.es\/index.php\/product\/hp-301-negro-cartucho-de-tinta-original\/#primaryimage"},"image":{"@id":"https:\/\/cartridgezone.es\/index.php\/product\/hp-301-negro-cartucho-de-tinta-original\/#primaryimage"},"thumbnailUrl":"https:\/\/cartridgezone.es\/wp-content\/uploads\/2019\/02\/HP301BKO.jpg","datePublished":"2019-02-26T12:15:27+00:00","dateModified":"2022-07-14T20:29:38+00:00","description":"HP 301 CARTUCHO ORIGINAL-PIDELO ANTES DE LAS 14:00 Y RECIBELO MA\u00d1ANA.TOTAL GARANTIA.ENVIO URGENTE A TODA ESPA\u00d1A EXCEPTUANDO BALEARES Y CANARIAS.","breadcrumb":{"@id":"https:\/\/cartridgezone.es\/index.php\/product\/hp-301-negro-cartucho-de-tinta-original\/#breadcrumb"},"inLanguage":"es","potentialAction":[{"@type":"ReadAction","target":["https:\/\/cartridgezone.es\/index.php\/product\/hp-301-negro-cartucho-de-tinta-original\/"]}]},{"@type":"ImageObject","inLanguage":"es","@id":"https:\/\/cartridgezone.es\/index.php\/product\/hp-301-negro-cartucho-de-tinta-original\/#primaryimage","url":"https:\/\/cartridgezone.es\/wp-content\/uploads\/2019\/02\/HP301BKO.jpg","contentUrl":"https:\/\/cartridgezone.es\/wp-content\/uploads\/2019\/02\/HP301BKO.jpg","width":225,"height":225,"caption":"HP 301 CARTUCHO TINTA ORIGINAL"},{"@type":"BreadcrumbList","@id":"https:\/\/cartridgezone.es\/index.php\/product\/hp-301-negro-cartucho-de-tinta-original\/#breadcrumb","itemListElement":[{"@type":"ListItem","position":1,"name":"Home","item":"https:\/\/cartridgezone.es\/"},{"@type":"ListItem","position":2,"name":"Shop","item":"https:\/\/cartridgezone.es\/index.php\/shop\/"},{"@type":"ListItem","position":3,"name":"HP 301 CARTUCHO ORIGINAL"}]},{"@type":"WebSite","@id":"https:\/\/cartridgezone.es\/#website","url":"https:\/\/cartridgezone.es\/","name":"Cartridge&#039;s Zone","description":"Cartuchos de tinta y t\u00f3ner","publisher":{"@id":"https:\/\/cartridgezone.es\/#organization"},"potentialAction":[{"@type":"SearchAction","target":{"@type":"EntryPoint","urlTemplate":"https:\/\/cartridgezone.es\/?s={search_term_string}"},"query-input":{"@type":"PropertyValueSpecification","valueRequired":true,"valueName":"search_term_string"}}],"inLanguage":"es"},{"@type":"Organization","@id":"https:\/\/cartridgezone.es\/#organization","name":"CartridgeZone","url":"https:\/\/cartridgezone.es\/","logo":{"@type":"ImageObject","inLanguage":"es","@id":"https:\/\/cartridgezone.es\/#\/schema\/logo\/image\/","url":"https:\/\/cartridgezone.es\/wp-content\/uploads\/2022\/07\/logo-2.jpeg","contentUrl":"https:\/\/cartridgezone.es\/wp-content\/uploads\/2022\/07\/logo-2.jpeg","width":866,"height":352,"caption":"CartridgeZone"},"image":{"@id":"https:\/\/cartridgezone.es\/#\/schema\/logo\/image\/"},"sameAs":["https:\/\/es-la.facebook.com\/cartridgezone\/","https:\/\/www.instagram.com\/cartridge_zone\/"]}]}},"jetpack_publicize_connections":[],"jetpack_sharing_enabled":true,"_links":{"self":[{"href":"https:\/\/cartridgezone.es\/index.php\/wp-json\/wp\/v2\/product\/419","targetHints":{"allow":["GET"]}}],"collection":[{"href":"https:\/\/cartridgezone.es\/index.php\/wp-json\/wp\/v2\/product"}],"about":[{"href":"https:\/\/cartridgezone.es\/index.php\/wp-json\/wp\/v2\/types\/product"}],"replies":[{"embeddable":true,"href":"https:\/\/cartridgezone.es\/index.php\/wp-json\/wp\/v2\/comments?post=419"}],"version-history":[{"count":1,"href":"https:\/\/cartridgezone.es\/index.php\/wp-json\/wp\/v2\/product\/419\/revisions"}],"predecessor-version":[{"id":10721,"href":"https:\/\/cartridgezone.es\/index.php\/wp-json\/wp\/v2\/product\/419\/revisions\/10721"}],"wp:featuredmedia":[{"embeddable":true,"href":"https:\/\/cartridgezone.es\/index.php\/wp-json\/wp\/v2\/media\/420"}],"wp:attachment":[{"href":"https:\/\/cartridgezone.es\/index.php\/wp-json\/wp\/v2\/media?parent=419"}],"wp:term":[{"taxonomy":"product_brand","embeddable":true,"href":"https:\/\/cartridgezone.es\/index.php\/wp-json\/wp\/v2\/product_brand?post=419"},{"taxonomy":"product_cat","embeddable":true,"href":"https:\/\/cartridgezone.es\/index.php\/wp-json\/wp\/v2\/product_cat?post=419"},{"taxonomy":"product_tag","embeddable":true,"href":"https:\/\/cartridgezone.es\/index.php\/wp-json\/wp\/v2\/product_tag?post=419"}],"curies":[{"name":"wp","href":"https:\/\/api.w.org\/{rel}","templated":true}]}}