{"id":358,"date":"2019-02-25T11:31:44","date_gmt":"2019-02-25T11:31:44","guid":{"rendered":"https:\/\/cartridgezone.es\/?post_type=product&#038;p=358"},"modified":"2022-07-18T16:21:17","modified_gmt":"2022-07-18T16:21:17","slug":"hp-15-cartucho-original","status":"publish","type":"product","link":"https:\/\/cartridgezone.es\/index.php\/product\/hp-15-cartucho-original\/","title":{"rendered":"HP 15 CARTUCHO ORIGINAL"},"content":{"rendered":"<p>HP 15 CARTUCHO ORIGINAL<\/p>\n<p>Compatibilidades: Color Copier 310; DeskJet 3810; Deskjet 3816; DeskJet 3820; DeskJet 3822; DeskJet 6162; DeskJet 810C; Deskjet 812C; Deskjet 814C; DeskJet 816c; Deskjet 825c; Deskjet 825CVR; DeskJet 830c; Deskjet 840c; DeskJet 841c; DeskJet 842c; Deskjet 843c; Deskjet 845c; Deskjet 845CVR; DeskJet 916c; DeskJet 920c; Deskjet 920CVR; Deskjet 920CXI; DeskJet 924c; DeskJet 940c; Deskjet 940CVR; DeskJet 948c; Digital Copier 310; Fax 1230; Fax 1230XI; Officejet 1510ASL; Officejet 500XI; OfficeJet 5105; OfficeJet 5110; OfficeJet 5110V; OfficeJet 5110XI; OfficeJet V 30; OfficeJet V 40; OfficeJet V 40XI; OfficeJet V 45; Psc 1230; Psc 500; Psc 500CXI; Psc 500XI; Psc 700 series; Psc 720; Psc 750; Psc 750CXI; Psc 750XI; Psc 760; Psc 900; Psc 920; Psc 950; Psc 950VR; Psc 952.<\/p>\n<p>HP 15 CARTUCHO ORIGINAL<\/p>\n<p><strong>Garant\u00eda:<\/strong><\/p>\n<p>En caso de fallo del producto, CartridgeZone ofrece una garant\u00eda de devoluci\u00f3n de 30 d\u00edas, desde la fecha en la que recibes el producto. Por favor, contacta con la tienda en caso de cualquier tipo de problema, siempre estaremos dispuestos a ayudarte y atenderte, la cercan\u00eda es uno de nuestros principales valores. Si tienes alguna duda sobre cu\u00e1l es el m\u00e1s adecuado para ti, no dudes en ponerte en contacto con nosotros en el 941 502813, por whatssap en el 699603470 o mediante correo electr\u00f3nico.<\/p>\n<p>Somos una empresa riojana l\u00edder en el sector de la impresi\u00f3n desde el a\u00f1o 2012. Nos encontramos en el centro de Logro\u00f1o, en Avenida P\u00e9rez Gald\u00f3s 43. \u00a1P\u00e1sate por nuestra tienda y pide presupuesto sin compromiso!<\/p>\n<p><strong>Garant\u00eda:<\/strong><\/p>\n<p>En caso de fallo del producto, CartridgeZone ofrece una garant\u00eda de devoluci\u00f3n de 30 d\u00edas, desde la fecha en la que recibes el producto. Por favor, contacta con la tienda en caso de cualquier tipo de problema, siempre estaremos dispuestos a ayudarte y atenderte, la cercan\u00eda es uno de nuestros principales valores. Si tienes alguna duda sobre cu\u00e1l es el m\u00e1s adecuado para ti, no dudes en ponerte en contacto con nosotros en el 941 502813, por whatssap en el 699603470 o mediante correo electr\u00f3nico.<\/p>\n<p>Somos una empresa riojana l\u00edder en el sector de la impresi\u00f3n desde el a\u00f1o 2012. Nos encontramos en el centro de Logro\u00f1o, en Avenida P\u00e9rez Gald\u00f3s 43. \u00a1P\u00e1sate por nuestra tienda y pide presupuesto sin compromiso!<\/p>\n<p><a href=\"https:\/\/cartridgezone.es\/index.php\/product\/hp-45-15-cartucho-compatible\/\">https:\/\/cartridgezone.es\/index.php\/product\/hp-45-15-cartucho-compatible\/<\/a><\/p>\n<p><a href=\"https:\/\/www.hp.com\/es-es\/shop\/list.aspx?sel=ACC&amp;fc_ptyp_workspace=1&amp;gclsrc=aw.ds&amp;gclid=CjwKCAjwoMSWBhAdEiwAVJ2ndnNcIAw9zjlZwBG0NooZuU2JOYKWcvPsDcOgUNOx7Qz590CIvkgSthoCZhQQAvD_BwE\">https:\/\/www.hp.com\/es-es\/shop\/list.aspx?sel=ACC&amp;fc_ptyp_workspace=1&amp;gclsrc=aw.ds&amp;gclid=CjwKCAjwoMSWBhAdEiwAVJ2ndnNcIAw9zjlZwBG0NooZuU2JOYKWcvPsDcOgUNOx7Qz590CIvkgSthoCZhQQAvD_BwE<\/a><\/p>\n","protected":false},"excerpt":{"rendered":"<p>Cartucho de tinta original HP 15 (C6615DE) de alta calidad.<\/p>\n","protected":false},"featured_media":359,"comment_status":"open","ping_status":"closed","template":"","meta":{"jetpack_post_was_ever_published":false,"jetpack_publicize_message":"","jetpack_publicize_feature_enabled":true,"jetpack_social_post_already_shared":true,"jetpack_social_options":{"image_generator_settings":{"template":"highway","default_image_id":0,"font":"","enabled":false},"version":2}},"product_brand":[],"product_cat":[21,30,222],"product_tag":[],"class_list":{"0":"post-358","1":"product","2":"type-product","3":"status-publish","4":"has-post-thumbnail","6":"product_cat-cartucho-tinta","7":"product_cat-hp-tinta","8":"product_cat-hp15-45","11":"first","12":"outofstock","13":"taxable","14":"shipping-taxable","15":"purchasable","16":"product-type-simple"},"yoast_head":"<!-- This site is optimized with the Yoast SEO plugin v27.2 - https:\/\/yoast.com\/product\/yoast-seo-wordpress\/ -->\n<title>HP 15 CARTUCHO ORIGINAL - Cartridge&#039;s Zone<\/title>\n<meta name=\"description\" content=\"Pide tu HP 15 CARTUCHO ORIGINAL antes de las 14:00h y rec\u00edbelo ma\u00f1ana. Env\u00edo r\u00e1pido. Marcas: Canon, HP, Epson, Brother, OKI, Samsung.\" \/>\n<meta name=\"robots\" content=\"index, follow, max-snippet:-1, max-image-preview:large, max-video-preview:-1\" \/>\n<link rel=\"canonical\" href=\"https:\/\/cartridgezone.es\/index.php\/product\/hp-15-cartucho-original\/\" \/>\n<meta property=\"og:locale\" content=\"es_ES\" \/>\n<meta property=\"og:type\" content=\"article\" \/>\n<meta property=\"og:title\" content=\"HP 15 CARTUCHO ORIGINAL - Cartridge&#039;s Zone\" \/>\n<meta property=\"og:description\" content=\"Pide tu HP 15 CARTUCHO ORIGINAL antes de las 14:00h y rec\u00edbelo ma\u00f1ana. Env\u00edo r\u00e1pido. Marcas: Canon, HP, Epson, Brother, OKI, Samsung.\" \/>\n<meta property=\"og:url\" content=\"https:\/\/cartridgezone.es\/index.php\/product\/hp-15-cartucho-original\/\" \/>\n<meta property=\"og:site_name\" content=\"Cartridge&#039;s Zone\" \/>\n<meta property=\"article:publisher\" content=\"https:\/\/es-la.facebook.com\/cartridgezone\/\" \/>\n<meta property=\"article:modified_time\" content=\"2022-07-18T16:21:17+00:00\" \/>\n<meta property=\"og:image\" content=\"https:\/\/cartridgezone.es\/wp-content\/uploads\/2019\/02\/hp15o.jpg\" \/>\n\t<meta property=\"og:image:width\" content=\"400\" \/>\n\t<meta property=\"og:image:height\" content=\"400\" \/>\n\t<meta property=\"og:image:type\" content=\"image\/jpeg\" \/>\n<meta name=\"twitter:card\" content=\"summary_large_image\" \/>\n<meta name=\"twitter:label1\" content=\"Tiempo de lectura\" \/>\n\t<meta name=\"twitter:data1\" content=\"2 minutos\" \/>\n<script type=\"application\/ld+json\" class=\"yoast-schema-graph\">{\"@context\":\"https:\/\/schema.org\",\"@graph\":[{\"@type\":\"WebPage\",\"@id\":\"https:\/\/cartridgezone.es\/index.php\/product\/hp-15-cartucho-original\/\",\"url\":\"https:\/\/cartridgezone.es\/index.php\/product\/hp-15-cartucho-original\/\",\"name\":\"HP 15 CARTUCHO ORIGINAL - Cartridge&#039;s Zone\",\"isPartOf\":{\"@id\":\"https:\/\/cartridgezone.es\/#website\"},\"primaryImageOfPage\":{\"@id\":\"https:\/\/cartridgezone.es\/index.php\/product\/hp-15-cartucho-original\/#primaryimage\"},\"image\":{\"@id\":\"https:\/\/cartridgezone.es\/index.php\/product\/hp-15-cartucho-original\/#primaryimage\"},\"thumbnailUrl\":\"https:\/\/cartridgezone.es\/wp-content\/uploads\/2019\/02\/hp15o.jpg\",\"datePublished\":\"2019-02-25T11:31:44+00:00\",\"dateModified\":\"2022-07-18T16:21:17+00:00\",\"description\":\"Pide tu HP 15 CARTUCHO ORIGINAL antes de las 14:00h y rec\u00edbelo ma\u00f1ana. Env\u00edo r\u00e1pido. Marcas: Canon, HP, Epson, Brother, OKI, Samsung.\",\"breadcrumb\":{\"@id\":\"https:\/\/cartridgezone.es\/index.php\/product\/hp-15-cartucho-original\/#breadcrumb\"},\"inLanguage\":\"es\",\"potentialAction\":[{\"@type\":\"ReadAction\",\"target\":[\"https:\/\/cartridgezone.es\/index.php\/product\/hp-15-cartucho-original\/\"]}]},{\"@type\":\"ImageObject\",\"inLanguage\":\"es\",\"@id\":\"https:\/\/cartridgezone.es\/index.php\/product\/hp-15-cartucho-original\/#primaryimage\",\"url\":\"https:\/\/cartridgezone.es\/wp-content\/uploads\/2019\/02\/hp15o.jpg\",\"contentUrl\":\"https:\/\/cartridgezone.es\/wp-content\/uploads\/2019\/02\/hp15o.jpg\",\"width\":400,\"height\":400,\"caption\":\"HP 15 CARTUCHO ORIGINAL\"},{\"@type\":\"BreadcrumbList\",\"@id\":\"https:\/\/cartridgezone.es\/index.php\/product\/hp-15-cartucho-original\/#breadcrumb\",\"itemListElement\":[{\"@type\":\"ListItem\",\"position\":1,\"name\":\"Home\",\"item\":\"https:\/\/cartridgezone.es\/\"},{\"@type\":\"ListItem\",\"position\":2,\"name\":\"Shop\",\"item\":\"https:\/\/cartridgezone.es\/index.php\/shop\/\"},{\"@type\":\"ListItem\",\"position\":3,\"name\":\"HP 15 CARTUCHO ORIGINAL\"}]},{\"@type\":\"WebSite\",\"@id\":\"https:\/\/cartridgezone.es\/#website\",\"url\":\"https:\/\/cartridgezone.es\/\",\"name\":\"Cartridge&#039;s Zone\",\"description\":\"Cartuchos de tinta y t\u00f3ner\",\"publisher\":{\"@id\":\"https:\/\/cartridgezone.es\/#organization\"},\"potentialAction\":[{\"@type\":\"SearchAction\",\"target\":{\"@type\":\"EntryPoint\",\"urlTemplate\":\"https:\/\/cartridgezone.es\/?s={search_term_string}\"},\"query-input\":{\"@type\":\"PropertyValueSpecification\",\"valueRequired\":true,\"valueName\":\"search_term_string\"}}],\"inLanguage\":\"es\"},{\"@type\":\"Organization\",\"@id\":\"https:\/\/cartridgezone.es\/#organization\",\"name\":\"CartridgeZone\",\"url\":\"https:\/\/cartridgezone.es\/\",\"logo\":{\"@type\":\"ImageObject\",\"inLanguage\":\"es\",\"@id\":\"https:\/\/cartridgezone.es\/#\/schema\/logo\/image\/\",\"url\":\"https:\/\/cartridgezone.es\/wp-content\/uploads\/2022\/07\/logo-2.jpeg\",\"contentUrl\":\"https:\/\/cartridgezone.es\/wp-content\/uploads\/2022\/07\/logo-2.jpeg\",\"width\":866,\"height\":352,\"caption\":\"CartridgeZone\"},\"image\":{\"@id\":\"https:\/\/cartridgezone.es\/#\/schema\/logo\/image\/\"},\"sameAs\":[\"https:\/\/es-la.facebook.com\/cartridgezone\/\",\"https:\/\/www.instagram.com\/cartridge_zone\/\"]}]}<\/script>\n<!-- \/ Yoast SEO plugin. -->","yoast_head_json":{"title":"HP 15 CARTUCHO ORIGINAL - Cartridge&#039;s Zone","description":"Pide tu HP 15 CARTUCHO ORIGINAL antes de las 14:00h y rec\u00edbelo ma\u00f1ana. Env\u00edo r\u00e1pido. Marcas: Canon, HP, Epson, Brother, OKI, Samsung.","robots":{"index":"index","follow":"follow","max-snippet":"max-snippet:-1","max-image-preview":"max-image-preview:large","max-video-preview":"max-video-preview:-1"},"canonical":"https:\/\/cartridgezone.es\/index.php\/product\/hp-15-cartucho-original\/","og_locale":"es_ES","og_type":"article","og_title":"HP 15 CARTUCHO ORIGINAL - Cartridge&#039;s Zone","og_description":"Pide tu HP 15 CARTUCHO ORIGINAL antes de las 14:00h y rec\u00edbelo ma\u00f1ana. Env\u00edo r\u00e1pido. Marcas: Canon, HP, Epson, Brother, OKI, Samsung.","og_url":"https:\/\/cartridgezone.es\/index.php\/product\/hp-15-cartucho-original\/","og_site_name":"Cartridge&#039;s Zone","article_publisher":"https:\/\/es-la.facebook.com\/cartridgezone\/","article_modified_time":"2022-07-18T16:21:17+00:00","og_image":[{"width":400,"height":400,"url":"https:\/\/cartridgezone.es\/wp-content\/uploads\/2019\/02\/hp15o.jpg","type":"image\/jpeg"}],"twitter_card":"summary_large_image","twitter_misc":{"Tiempo de lectura":"2 minutos"},"schema":{"@context":"https:\/\/schema.org","@graph":[{"@type":"WebPage","@id":"https:\/\/cartridgezone.es\/index.php\/product\/hp-15-cartucho-original\/","url":"https:\/\/cartridgezone.es\/index.php\/product\/hp-15-cartucho-original\/","name":"HP 15 CARTUCHO ORIGINAL - Cartridge&#039;s Zone","isPartOf":{"@id":"https:\/\/cartridgezone.es\/#website"},"primaryImageOfPage":{"@id":"https:\/\/cartridgezone.es\/index.php\/product\/hp-15-cartucho-original\/#primaryimage"},"image":{"@id":"https:\/\/cartridgezone.es\/index.php\/product\/hp-15-cartucho-original\/#primaryimage"},"thumbnailUrl":"https:\/\/cartridgezone.es\/wp-content\/uploads\/2019\/02\/hp15o.jpg","datePublished":"2019-02-25T11:31:44+00:00","dateModified":"2022-07-18T16:21:17+00:00","description":"Pide tu HP 15 CARTUCHO ORIGINAL antes de las 14:00h y rec\u00edbelo ma\u00f1ana. Env\u00edo r\u00e1pido. Marcas: Canon, HP, Epson, Brother, OKI, Samsung.","breadcrumb":{"@id":"https:\/\/cartridgezone.es\/index.php\/product\/hp-15-cartucho-original\/#breadcrumb"},"inLanguage":"es","potentialAction":[{"@type":"ReadAction","target":["https:\/\/cartridgezone.es\/index.php\/product\/hp-15-cartucho-original\/"]}]},{"@type":"ImageObject","inLanguage":"es","@id":"https:\/\/cartridgezone.es\/index.php\/product\/hp-15-cartucho-original\/#primaryimage","url":"https:\/\/cartridgezone.es\/wp-content\/uploads\/2019\/02\/hp15o.jpg","contentUrl":"https:\/\/cartridgezone.es\/wp-content\/uploads\/2019\/02\/hp15o.jpg","width":400,"height":400,"caption":"HP 15 CARTUCHO ORIGINAL"},{"@type":"BreadcrumbList","@id":"https:\/\/cartridgezone.es\/index.php\/product\/hp-15-cartucho-original\/#breadcrumb","itemListElement":[{"@type":"ListItem","position":1,"name":"Home","item":"https:\/\/cartridgezone.es\/"},{"@type":"ListItem","position":2,"name":"Shop","item":"https:\/\/cartridgezone.es\/index.php\/shop\/"},{"@type":"ListItem","position":3,"name":"HP 15 CARTUCHO ORIGINAL"}]},{"@type":"WebSite","@id":"https:\/\/cartridgezone.es\/#website","url":"https:\/\/cartridgezone.es\/","name":"Cartridge&#039;s Zone","description":"Cartuchos de tinta y t\u00f3ner","publisher":{"@id":"https:\/\/cartridgezone.es\/#organization"},"potentialAction":[{"@type":"SearchAction","target":{"@type":"EntryPoint","urlTemplate":"https:\/\/cartridgezone.es\/?s={search_term_string}"},"query-input":{"@type":"PropertyValueSpecification","valueRequired":true,"valueName":"search_term_string"}}],"inLanguage":"es"},{"@type":"Organization","@id":"https:\/\/cartridgezone.es\/#organization","name":"CartridgeZone","url":"https:\/\/cartridgezone.es\/","logo":{"@type":"ImageObject","inLanguage":"es","@id":"https:\/\/cartridgezone.es\/#\/schema\/logo\/image\/","url":"https:\/\/cartridgezone.es\/wp-content\/uploads\/2022\/07\/logo-2.jpeg","contentUrl":"https:\/\/cartridgezone.es\/wp-content\/uploads\/2022\/07\/logo-2.jpeg","width":866,"height":352,"caption":"CartridgeZone"},"image":{"@id":"https:\/\/cartridgezone.es\/#\/schema\/logo\/image\/"},"sameAs":["https:\/\/es-la.facebook.com\/cartridgezone\/","https:\/\/www.instagram.com\/cartridge_zone\/"]}]}},"jetpack_publicize_connections":[],"jetpack_sharing_enabled":true,"_links":{"self":[{"href":"https:\/\/cartridgezone.es\/index.php\/wp-json\/wp\/v2\/product\/358","targetHints":{"allow":["GET"]}}],"collection":[{"href":"https:\/\/cartridgezone.es\/index.php\/wp-json\/wp\/v2\/product"}],"about":[{"href":"https:\/\/cartridgezone.es\/index.php\/wp-json\/wp\/v2\/types\/product"}],"replies":[{"embeddable":true,"href":"https:\/\/cartridgezone.es\/index.php\/wp-json\/wp\/v2\/comments?post=358"}],"version-history":[{"count":1,"href":"https:\/\/cartridgezone.es\/index.php\/wp-json\/wp\/v2\/product\/358\/revisions"}],"predecessor-version":[{"id":10723,"href":"https:\/\/cartridgezone.es\/index.php\/wp-json\/wp\/v2\/product\/358\/revisions\/10723"}],"wp:featuredmedia":[{"embeddable":true,"href":"https:\/\/cartridgezone.es\/index.php\/wp-json\/wp\/v2\/media\/359"}],"wp:attachment":[{"href":"https:\/\/cartridgezone.es\/index.php\/wp-json\/wp\/v2\/media?parent=358"}],"wp:term":[{"taxonomy":"product_brand","embeddable":true,"href":"https:\/\/cartridgezone.es\/index.php\/wp-json\/wp\/v2\/product_brand?post=358"},{"taxonomy":"product_cat","embeddable":true,"href":"https:\/\/cartridgezone.es\/index.php\/wp-json\/wp\/v2\/product_cat?post=358"},{"taxonomy":"product_tag","embeddable":true,"href":"https:\/\/cartridgezone.es\/index.php\/wp-json\/wp\/v2\/product_tag?post=358"}],"curies":[{"name":"wp","href":"https:\/\/api.w.org\/{rel}","templated":true}]}}