{"id":10725,"date":"2022-07-15T15:29:49","date_gmt":"2022-07-15T15:29:49","guid":{"rendered":"https:\/\/cartridgezone.es\/?post_type=product&#038;p=10725"},"modified":"2023-02-09T11:07:10","modified_gmt":"2023-02-09T11:07:10","slug":"hp-953-pack-de-originales","status":"publish","type":"product","link":"https:\/\/cartridgezone.es\/index.php\/product\/hp-953-pack-de-originales\/","title":{"rendered":"HP 953 Pack de Originales"},"content":{"rendered":"<p>HP 953 Pack de Originales<\/p>\n<p>Disfruta de documentos de calidad profesional. Los cartuchos de tinta Original HP ofrecen una gran fiabilidad para un desempe\u00f1o fiable, un rendimiento por p\u00e1gina uniforme y resultados extraordinarios. Los packs combinados de tinta Original HP 953 ofrecen una mayor comodidad y un gran ahorro en comparaci\u00f3n con la adquisici\u00f3n por separado de los cartuchos de tinta en color negro, cian, magenta y amarillo.<\/p>\n<p>Los cartuchos de tinta Originales HP se han dise\u00f1ado especialmente para que funcionen con tu impresora o impresora multifunci\u00f3n HP.<\/p>\n<p>Genere texto en negro y en color de calidad profesional con tintas pigmentadas dise\u00f1adas para la oficina.<\/p>\n<p>Resulta f\u00e1cil ahorrar tiempo, dinero y evitar inconvenientes con los Cartuchos Originales HP que se presentan en un pr\u00e1ctico pack.<\/p>\n<p>Recicle con facilidad sus cartuchos Original HP sin cargo a trav\u00e9s de HP Planet Partners.<\/p>\n<p>Tenga la seguridad de que los cartuchos Originales HP ofrecen sistem\u00e1ticamente resultados de calidad y un rendimiento premium.<\/p>\n<p>Experimente una calidad de impresi\u00f3n premium gracias a los cartuchos Originales HP que han sido dise\u00f1ados para ofrecer un color intenso, un texto n\u00edtido y negros intensos de gran impacto.<\/p>\n<p>Imprima de forma segura: los cartuchos Originales HP han sido dise\u00f1ados de manera respetuosa con el entorno para un reciclaje sencillo y un menor n\u00famero de residuos.<\/p>\n<p>Los cartuchos Originales HP son los \u00fanicos cartuchos que han sido desarrollados de forma precisa con las impresoras HP para ofrecer unos buenos resultados, una calidad fiable y un rendimiento uniforme.<\/p>\n<p>Sustituye f\u00e1cilmente los cartuchos y realiza grandes vol\u00famenes de trabajos de impresi\u00f3n con los cartuchos de tinta Originales HP.<\/p>\n<p>Imprime informes en color, mensajes de correo electr\u00f3nico, propuestas y otros documentos profesionales en una amplia variedad de papeles.<\/p>\n<p>A\u00f1ada color impresionante a su impresi\u00f3n profesional, obtenga colores vivos con las tintas pigmentadas dise\u00f1adas para la oficina.<\/p>\n<p>Crea impresiones resistentes al agua, a las manchas y a la decoloraci\u00f3n.<\/p>\n<p>Garantiza un excelente rendimiento y unos resultados de gran calidad a altas velocidades con las tintas patentadas de HP.<\/p>\n<p>Los cartuchos de tinta de alta capacidad opcionales imprimen hasta el doble de p\u00e1ginas y son m\u00e1s rentables cuando se imprime con frecuencia.<\/p>\n<p>Gracias al programa Dise\u00f1o para el medioambiente, HP dise\u00f1a productos para que sean reciclables y eficientes desde el punto de vista energ\u00e9tico.<\/p>\n<p>HP 953 Pack de Originales<\/p>\n<p><a href=\"https:\/\/cartridgezone.es\/index.php\/product\/hp-953xl-negro-cartucho-de-tinta-original-l0s70ae\/\">https:\/\/cartridgezone.es\/index.php\/product\/hp-953xl-negro-cartucho-de-tinta-original-l0s70ae\/<\/a><\/p>\n<p><a href=\"https:\/\/www.hp.com\/es-es\/shop\/list.aspx?sel=NTB&amp;ctrl=f&amp;fc_seg_home=1&amp;fc_scrn_15=1&amp;fc_sb_essential=1&amp;gclsrc=aw.ds&amp;gclid=CjwKCAjwoMSWBhAdEiwAVJ2ndrwnE5Lp2VkTbUV_3-uACruWCQZMzv6XrRqeSIzSIRklPC-RSzCG2xoCNIcQAvD_BwE\">https:\/\/www.hp.com\/es-es\/shop\/list.aspx?sel=NTB&amp;ctrl=f&amp;fc_seg_home=1&amp;fc_scrn_15=1&amp;fc_sb_essential=1&amp;gclsrc=aw.ds&amp;gclid=CjwKCAjwoMSWBhAdEiwAVJ2ndrwnE5Lp2VkTbUV_3-uACruWCQZMzv6XrRqeSIzSIRklPC-RSzCG2xoCNIcQAvD_BwE<\/a><\/p>\n<p>&nbsp;<\/p>\n","protected":false},"excerpt":{"rendered":"<p>Compatibilidades: OfficeJet Pro 7720 All-in-One; OfficeJet Pro 7730 All-in-One; OfficeJet Pro 7740 All-in-One; OfficeJet Pro 8210; OfficeJet Pro 8218; OfficeJet Pro 8710; OfficeJet Pro 8715; OfficeJet Pro 8718; OfficeJet Pro 8719; OfficeJet Pro 8720; OfficeJet Pro 8725; OfficeJet Pro 8730; OfficeJet Pro 8740.<\/p>\n","protected":false},"featured_media":10726,"comment_status":"open","ping_status":"closed","template":"","meta":{"jetpack_post_was_ever_published":false,"jetpack_publicize_message":"","jetpack_publicize_feature_enabled":true,"jetpack_social_post_already_shared":false,"jetpack_social_options":{"image_generator_settings":{"template":"highway","default_image_id":0,"font":"","enabled":false},"version":2}},"product_brand":[],"product_cat":[21,245,30],"product_tag":[],"class_list":{"0":"post-10725","1":"product","2":"type-product","3":"status-publish","4":"has-post-thumbnail","6":"product_cat-cartucho-tinta","7":"product_cat-hp-953","8":"product_cat-hp-tinta","11":"first","12":"instock","13":"taxable","14":"shipping-taxable","15":"purchasable","16":"product-type-simple"},"yoast_head":"<!-- This site is optimized with the Yoast SEO plugin v27.2 - https:\/\/yoast.com\/product\/yoast-seo-wordpress\/ -->\n<title>HP 953 Pack de Originales - Cartridge&#039;s Zone<\/title>\n<meta name=\"description\" content=\"Pide tu HP 953 Pack de Originales antes de las 14:00h y rec\u00edbelo ma\u00f1ana. Env\u00edo r\u00e1pido. Marcas: Canon, HP, Epson, Brother, OKI, Samsung.\" \/>\n<meta name=\"robots\" content=\"index, follow, max-snippet:-1, max-image-preview:large, max-video-preview:-1\" \/>\n<link rel=\"canonical\" href=\"https:\/\/cartridgezone.es\/index.php\/product\/hp-953-pack-de-originales\/\" \/>\n<meta property=\"og:locale\" content=\"es_ES\" \/>\n<meta property=\"og:type\" content=\"article\" \/>\n<meta property=\"og:title\" content=\"HP 953 Pack de Originales - Cartridge&#039;s Zone\" \/>\n<meta property=\"og:description\" content=\"Pide tu HP 953 Pack de Originales antes de las 14:00h y rec\u00edbelo ma\u00f1ana. Env\u00edo r\u00e1pido. Marcas: Canon, HP, Epson, Brother, OKI, Samsung.\" \/>\n<meta property=\"og:url\" content=\"https:\/\/cartridgezone.es\/index.php\/product\/hp-953-pack-de-originales\/\" \/>\n<meta property=\"og:site_name\" content=\"Cartridge&#039;s Zone\" \/>\n<meta property=\"article:publisher\" content=\"https:\/\/es-la.facebook.com\/cartridgezone\/\" \/>\n<meta property=\"article:modified_time\" content=\"2023-02-09T11:07:10+00:00\" \/>\n<meta property=\"og:image\" content=\"https:\/\/cartridgezone.es\/wp-content\/uploads\/2022\/07\/123128_1.jpg\" \/>\n\t<meta property=\"og:image:width\" content=\"338\" \/>\n\t<meta property=\"og:image:height\" content=\"500\" \/>\n\t<meta property=\"og:image:type\" content=\"image\/jpeg\" \/>\n<meta name=\"twitter:card\" content=\"summary_large_image\" \/>\n<meta name=\"twitter:label1\" content=\"Tiempo de lectura\" \/>\n\t<meta name=\"twitter:data1\" content=\"2 minutos\" \/>\n<script type=\"application\/ld+json\" class=\"yoast-schema-graph\">{\"@context\":\"https:\/\/schema.org\",\"@graph\":[{\"@type\":\"WebPage\",\"@id\":\"https:\/\/cartridgezone.es\/index.php\/product\/hp-953-pack-de-originales\/\",\"url\":\"https:\/\/cartridgezone.es\/index.php\/product\/hp-953-pack-de-originales\/\",\"name\":\"HP 953 Pack de Originales - Cartridge&#039;s Zone\",\"isPartOf\":{\"@id\":\"https:\/\/cartridgezone.es\/#website\"},\"primaryImageOfPage\":{\"@id\":\"https:\/\/cartridgezone.es\/index.php\/product\/hp-953-pack-de-originales\/#primaryimage\"},\"image\":{\"@id\":\"https:\/\/cartridgezone.es\/index.php\/product\/hp-953-pack-de-originales\/#primaryimage\"},\"thumbnailUrl\":\"https:\/\/cartridgezone.es\/wp-content\/uploads\/2022\/07\/123128_1.jpg\",\"datePublished\":\"2022-07-15T15:29:49+00:00\",\"dateModified\":\"2023-02-09T11:07:10+00:00\",\"description\":\"Pide tu HP 953 Pack de Originales antes de las 14:00h y rec\u00edbelo ma\u00f1ana. Env\u00edo r\u00e1pido. Marcas: Canon, HP, Epson, Brother, OKI, Samsung.\",\"breadcrumb\":{\"@id\":\"https:\/\/cartridgezone.es\/index.php\/product\/hp-953-pack-de-originales\/#breadcrumb\"},\"inLanguage\":\"es\",\"potentialAction\":[{\"@type\":\"ReadAction\",\"target\":[\"https:\/\/cartridgezone.es\/index.php\/product\/hp-953-pack-de-originales\/\"]}]},{\"@type\":\"ImageObject\",\"inLanguage\":\"es\",\"@id\":\"https:\/\/cartridgezone.es\/index.php\/product\/hp-953-pack-de-originales\/#primaryimage\",\"url\":\"https:\/\/cartridgezone.es\/wp-content\/uploads\/2022\/07\/123128_1.jpg\",\"contentUrl\":\"https:\/\/cartridgezone.es\/wp-content\/uploads\/2022\/07\/123128_1.jpg\",\"width\":338,\"height\":500,\"caption\":\"HP 953 Pack de Originales\"},{\"@type\":\"BreadcrumbList\",\"@id\":\"https:\/\/cartridgezone.es\/index.php\/product\/hp-953-pack-de-originales\/#breadcrumb\",\"itemListElement\":[{\"@type\":\"ListItem\",\"position\":1,\"name\":\"Home\",\"item\":\"https:\/\/cartridgezone.es\/\"},{\"@type\":\"ListItem\",\"position\":2,\"name\":\"Shop\",\"item\":\"https:\/\/cartridgezone.es\/index.php\/shop\/\"},{\"@type\":\"ListItem\",\"position\":3,\"name\":\"HP 953 Pack de Originales\"}]},{\"@type\":\"WebSite\",\"@id\":\"https:\/\/cartridgezone.es\/#website\",\"url\":\"https:\/\/cartridgezone.es\/\",\"name\":\"Cartridge&#039;s Zone\",\"description\":\"Cartuchos de tinta y t\u00f3ner\",\"publisher\":{\"@id\":\"https:\/\/cartridgezone.es\/#organization\"},\"potentialAction\":[{\"@type\":\"SearchAction\",\"target\":{\"@type\":\"EntryPoint\",\"urlTemplate\":\"https:\/\/cartridgezone.es\/?s={search_term_string}\"},\"query-input\":{\"@type\":\"PropertyValueSpecification\",\"valueRequired\":true,\"valueName\":\"search_term_string\"}}],\"inLanguage\":\"es\"},{\"@type\":\"Organization\",\"@id\":\"https:\/\/cartridgezone.es\/#organization\",\"name\":\"CartridgeZone\",\"url\":\"https:\/\/cartridgezone.es\/\",\"logo\":{\"@type\":\"ImageObject\",\"inLanguage\":\"es\",\"@id\":\"https:\/\/cartridgezone.es\/#\/schema\/logo\/image\/\",\"url\":\"https:\/\/cartridgezone.es\/wp-content\/uploads\/2022\/07\/logo-2.jpeg\",\"contentUrl\":\"https:\/\/cartridgezone.es\/wp-content\/uploads\/2022\/07\/logo-2.jpeg\",\"width\":866,\"height\":352,\"caption\":\"CartridgeZone\"},\"image\":{\"@id\":\"https:\/\/cartridgezone.es\/#\/schema\/logo\/image\/\"},\"sameAs\":[\"https:\/\/es-la.facebook.com\/cartridgezone\/\",\"https:\/\/www.instagram.com\/cartridge_zone\/\"]}]}<\/script>\n<!-- \/ Yoast SEO plugin. -->","yoast_head_json":{"title":"HP 953 Pack de Originales - Cartridge&#039;s Zone","description":"Pide tu HP 953 Pack de Originales antes de las 14:00h y rec\u00edbelo ma\u00f1ana. Env\u00edo r\u00e1pido. Marcas: Canon, HP, Epson, Brother, OKI, Samsung.","robots":{"index":"index","follow":"follow","max-snippet":"max-snippet:-1","max-image-preview":"max-image-preview:large","max-video-preview":"max-video-preview:-1"},"canonical":"https:\/\/cartridgezone.es\/index.php\/product\/hp-953-pack-de-originales\/","og_locale":"es_ES","og_type":"article","og_title":"HP 953 Pack de Originales - Cartridge&#039;s Zone","og_description":"Pide tu HP 953 Pack de Originales antes de las 14:00h y rec\u00edbelo ma\u00f1ana. Env\u00edo r\u00e1pido. Marcas: Canon, HP, Epson, Brother, OKI, Samsung.","og_url":"https:\/\/cartridgezone.es\/index.php\/product\/hp-953-pack-de-originales\/","og_site_name":"Cartridge&#039;s Zone","article_publisher":"https:\/\/es-la.facebook.com\/cartridgezone\/","article_modified_time":"2023-02-09T11:07:10+00:00","og_image":[{"width":338,"height":500,"url":"https:\/\/cartridgezone.es\/wp-content\/uploads\/2022\/07\/123128_1.jpg","type":"image\/jpeg"}],"twitter_card":"summary_large_image","twitter_misc":{"Tiempo de lectura":"2 minutos"},"schema":{"@context":"https:\/\/schema.org","@graph":[{"@type":"WebPage","@id":"https:\/\/cartridgezone.es\/index.php\/product\/hp-953-pack-de-originales\/","url":"https:\/\/cartridgezone.es\/index.php\/product\/hp-953-pack-de-originales\/","name":"HP 953 Pack de Originales - Cartridge&#039;s Zone","isPartOf":{"@id":"https:\/\/cartridgezone.es\/#website"},"primaryImageOfPage":{"@id":"https:\/\/cartridgezone.es\/index.php\/product\/hp-953-pack-de-originales\/#primaryimage"},"image":{"@id":"https:\/\/cartridgezone.es\/index.php\/product\/hp-953-pack-de-originales\/#primaryimage"},"thumbnailUrl":"https:\/\/cartridgezone.es\/wp-content\/uploads\/2022\/07\/123128_1.jpg","datePublished":"2022-07-15T15:29:49+00:00","dateModified":"2023-02-09T11:07:10+00:00","description":"Pide tu HP 953 Pack de Originales antes de las 14:00h y rec\u00edbelo ma\u00f1ana. Env\u00edo r\u00e1pido. Marcas: Canon, HP, Epson, Brother, OKI, Samsung.","breadcrumb":{"@id":"https:\/\/cartridgezone.es\/index.php\/product\/hp-953-pack-de-originales\/#breadcrumb"},"inLanguage":"es","potentialAction":[{"@type":"ReadAction","target":["https:\/\/cartridgezone.es\/index.php\/product\/hp-953-pack-de-originales\/"]}]},{"@type":"ImageObject","inLanguage":"es","@id":"https:\/\/cartridgezone.es\/index.php\/product\/hp-953-pack-de-originales\/#primaryimage","url":"https:\/\/cartridgezone.es\/wp-content\/uploads\/2022\/07\/123128_1.jpg","contentUrl":"https:\/\/cartridgezone.es\/wp-content\/uploads\/2022\/07\/123128_1.jpg","width":338,"height":500,"caption":"HP 953 Pack de Originales"},{"@type":"BreadcrumbList","@id":"https:\/\/cartridgezone.es\/index.php\/product\/hp-953-pack-de-originales\/#breadcrumb","itemListElement":[{"@type":"ListItem","position":1,"name":"Home","item":"https:\/\/cartridgezone.es\/"},{"@type":"ListItem","position":2,"name":"Shop","item":"https:\/\/cartridgezone.es\/index.php\/shop\/"},{"@type":"ListItem","position":3,"name":"HP 953 Pack de Originales"}]},{"@type":"WebSite","@id":"https:\/\/cartridgezone.es\/#website","url":"https:\/\/cartridgezone.es\/","name":"Cartridge&#039;s Zone","description":"Cartuchos de tinta y t\u00f3ner","publisher":{"@id":"https:\/\/cartridgezone.es\/#organization"},"potentialAction":[{"@type":"SearchAction","target":{"@type":"EntryPoint","urlTemplate":"https:\/\/cartridgezone.es\/?s={search_term_string}"},"query-input":{"@type":"PropertyValueSpecification","valueRequired":true,"valueName":"search_term_string"}}],"inLanguage":"es"},{"@type":"Organization","@id":"https:\/\/cartridgezone.es\/#organization","name":"CartridgeZone","url":"https:\/\/cartridgezone.es\/","logo":{"@type":"ImageObject","inLanguage":"es","@id":"https:\/\/cartridgezone.es\/#\/schema\/logo\/image\/","url":"https:\/\/cartridgezone.es\/wp-content\/uploads\/2022\/07\/logo-2.jpeg","contentUrl":"https:\/\/cartridgezone.es\/wp-content\/uploads\/2022\/07\/logo-2.jpeg","width":866,"height":352,"caption":"CartridgeZone"},"image":{"@id":"https:\/\/cartridgezone.es\/#\/schema\/logo\/image\/"},"sameAs":["https:\/\/es-la.facebook.com\/cartridgezone\/","https:\/\/www.instagram.com\/cartridge_zone\/"]}]}},"jetpack_publicize_connections":[],"jetpack_sharing_enabled":true,"_links":{"self":[{"href":"https:\/\/cartridgezone.es\/index.php\/wp-json\/wp\/v2\/product\/10725","targetHints":{"allow":["GET"]}}],"collection":[{"href":"https:\/\/cartridgezone.es\/index.php\/wp-json\/wp\/v2\/product"}],"about":[{"href":"https:\/\/cartridgezone.es\/index.php\/wp-json\/wp\/v2\/types\/product"}],"replies":[{"embeddable":true,"href":"https:\/\/cartridgezone.es\/index.php\/wp-json\/wp\/v2\/comments?post=10725"}],"version-history":[{"count":1,"href":"https:\/\/cartridgezone.es\/index.php\/wp-json\/wp\/v2\/product\/10725\/revisions"}],"predecessor-version":[{"id":11117,"href":"https:\/\/cartridgezone.es\/index.php\/wp-json\/wp\/v2\/product\/10725\/revisions\/11117"}],"wp:featuredmedia":[{"embeddable":true,"href":"https:\/\/cartridgezone.es\/index.php\/wp-json\/wp\/v2\/media\/10726"}],"wp:attachment":[{"href":"https:\/\/cartridgezone.es\/index.php\/wp-json\/wp\/v2\/media?parent=10725"}],"wp:term":[{"taxonomy":"product_brand","embeddable":true,"href":"https:\/\/cartridgezone.es\/index.php\/wp-json\/wp\/v2\/product_brand?post=10725"},{"taxonomy":"product_cat","embeddable":true,"href":"https:\/\/cartridgezone.es\/index.php\/wp-json\/wp\/v2\/product_cat?post=10725"},{"taxonomy":"product_tag","embeddable":true,"href":"https:\/\/cartridgezone.es\/index.php\/wp-json\/wp\/v2\/product_tag?post=10725"}],"curies":[{"name":"wp","href":"https:\/\/api.w.org\/{rel}","templated":true}]}}