{"id":10697,"date":"2021-02-21T11:46:49","date_gmt":"2021-02-21T11:46:49","guid":{"rendered":"https:\/\/cartridgezone.es\/?post_type=product&#038;p=10697"},"modified":"2023-03-02T17:13:50","modified_gmt":"2023-03-02T17:13:50","slug":"canon-708h-715h-negro-cartucho-de-toner-generico-universal","status":"publish","type":"product","link":"https:\/\/cartridgezone.es\/index.php\/product\/canon-708h-715h-negro-cartucho-de-toner-generico-universal\/","title":{"rendered":"CANON 708H\/715H NEGRO GENERICO"},"content":{"rendered":"<h2>Cartucho CANON 708H\/715H NEGRO GENERICO UNIVERSAL<\/h2>\n<p>Canon 715H Toner negro es un producto gen\u00e9rico compatible con Canon. Con este t\u00f3ner podr\u00e1s conseguir \u00f3ptimos resultados. Podr\u00e1s hacer aproximadamente 7.000 p\u00e1ginas.<\/p>\n<p>Fabricado siguiendo todas las normativas vigentes y siendo respetuosos con el medio ambiente. Reciclamos cada componente de nuestros cartuchos.<\/p>\n<p><strong>\u00a1 Adelante prueba este en vez del original! <\/strong>No hay diferencia de calidad y es mucho m\u00e1s barato.<\/p>\n<p>Compatibilidades: LBP 3300; LBP 3310; LBP 3360; LBP 3370; LaserJet 1320; LaserJet 1320N; LaserJet 1320TN; LaserJet 3390; LaserJet 3392; LaserJet M 2727; LaserJet M 2727NF; LaserJet M 2727NFS; LaserJet P 2010; LaserJet P 2014; LaserJet P 2015; LaserJet P 2015D; LaserJet P 2015N.<\/p>\n<h3>M\u00e1s informaci\u00f3n:<\/h3>\n<ul>\n<li><strong>Para uso en:<\/strong> CANON<\/li>\n<li><strong>Fabricante:<\/strong> Gen\u00e9rico<\/li>\n<li><strong>Tipo de impresi\u00f3n:<\/strong> Toner (Laser)<\/li>\n<li><strong>Referencia:<\/strong> HT-Q7553X-UNIV<\/li>\n<li><strong>Capacidad:<\/strong> 7.000 P\u00e1ginas<\/li>\n<li><strong>Color:<\/strong>\u00a0Negro<\/li>\n<\/ul>\n<p>Compra tu CANON 708H\/715H NEGRO GENERICO UNIVERSAL .<\/p>\n<p>Nuestro cartucho de t\u00f3ner gen\u00e9rico es una perfecta alternativa al consumible original, es compatible con las impresoras Canon que utilizan este modelo y adem\u00e1s reducen los costes de impresi\u00f3n hasta un 50%. Tambi\u00e9n colaboras con el medioambiente recargando sus cartuchos originales en nuestra tienda.<\/p>\n<p>El cartucho de t\u00f3ner es perfecto para cualquier uso; profesional, particular&#8230; imprime una gran cantidad de copias y cubre tus necesidades de impresi\u00f3n.<\/p>\n<h3>Garant\u00eda:<\/h3>\n<p>En caso de fallo del producto, CartridgeZone ofrece una garant\u00eda de devoluci\u00f3n de 30 d\u00edas, desde la fecha en la que recibes el producto. Por favor, contacta con la tienda en caso de cualquier tipo de problema, siempre estaremos dispuestos a ayudarte y atenderte, la cercan\u00eda es uno de nuestros principales valores. Si tienes alguna duda sobre cu\u00e1l es el m\u00e1s adecuado para ti, no dudes en ponerte en contacto con nosotros en el 941 502813, por whatssap en el 699603470 o mediante correo electr\u00f3nico.<\/p>\n<p>Somos una empresa riojana l\u00edder en el sector de la impresi\u00f3n desde el a\u00f1o 2012. Nos encontramos en el centro de Logro\u00f1o, en Avenida P\u00e9rez Gald\u00f3s 43. \u00a1P\u00e1sate por nuestra tienda y pide presupuesto sin compromiso!<\/p>\n<p><a href=\"https:\/\/www.canon.es\/\">Ver marca<\/a><\/p>\n<p><a href=\"https:\/\/cartridgezone.es\/index.php\/cartuchos-canon\/\">Ver otros productos<\/a><\/p>\n","protected":false},"excerpt":{"rendered":"<p>Cartucho de toner gen\u00e9rico universal Canon 708H\/715H (0917B002\/1976B002) de alta calidad.<\/p>\n","protected":false},"featured_media":10543,"comment_status":"open","ping_status":"closed","template":"","meta":{"jetpack_post_was_ever_published":false,"jetpack_publicize_message":"","jetpack_publicize_feature_enabled":true,"jetpack_social_post_already_shared":true,"jetpack_social_options":{"image_generator_settings":{"template":"highway","default_image_id":0,"font":"","enabled":false},"version":2}},"product_brand":[],"product_cat":[315],"product_tag":[],"class_list":{"0":"post-10697","1":"product","2":"type-product","3":"status-publish","4":"has-post-thumbnail","6":"product_cat-canon-708-715","9":"first","10":"instock","11":"taxable","12":"shipping-taxable","13":"purchasable","14":"product-type-simple"},"yoast_head":"<!-- This site is optimized with the Yoast SEO plugin v27.2 - https:\/\/yoast.com\/product\/yoast-seo-wordpress\/ -->\n<title>CANON 708H\/715H NEGRO GENERICO - Cartridge&#039;s Zone<\/title>\n<meta name=\"description\" content=\"Pide tu toner CANON 708H\/715H NEGRO GENERICO antes de las 14:00h y rec\u00edbelo ma\u00f1ana. Env\u00edo r\u00e1pido. Marcas: Canon, HP, Epson, Brother, OKI, Samsung.\" \/>\n<meta name=\"robots\" content=\"index, follow, max-snippet:-1, max-image-preview:large, max-video-preview:-1\" \/>\n<link rel=\"canonical\" href=\"https:\/\/cartridgezone.es\/index.php\/product\/canon-708h-715h-negro-cartucho-de-toner-generico-universal\/\" \/>\n<meta property=\"og:locale\" content=\"es_ES\" \/>\n<meta property=\"og:type\" content=\"article\" \/>\n<meta property=\"og:title\" content=\"CANON 708H\/715H NEGRO GENERICO - Cartridge&#039;s Zone\" \/>\n<meta property=\"og:description\" content=\"Pide tu toner CANON 708H\/715H NEGRO GENERICO antes de las 14:00h y rec\u00edbelo ma\u00f1ana. Env\u00edo r\u00e1pido. Marcas: Canon, HP, Epson, Brother, OKI, Samsung.\" \/>\n<meta property=\"og:url\" content=\"https:\/\/cartridgezone.es\/index.php\/product\/canon-708h-715h-negro-cartucho-de-toner-generico-universal\/\" \/>\n<meta property=\"og:site_name\" content=\"Cartridge&#039;s Zone\" \/>\n<meta property=\"article:publisher\" content=\"https:\/\/es-la.facebook.com\/cartridgezone\/\" \/>\n<meta property=\"article:modified_time\" content=\"2023-03-02T17:13:50+00:00\" \/>\n<meta property=\"og:image\" content=\"https:\/\/cartridgezone.es\/wp-content\/uploads\/2021\/02\/TONER-NEGRO.jpg\" \/>\n\t<meta property=\"og:image:width\" content=\"800\" \/>\n\t<meta property=\"og:image:height\" content=\"800\" \/>\n\t<meta property=\"og:image:type\" content=\"image\/jpeg\" \/>\n<meta name=\"twitter:card\" content=\"summary_large_image\" \/>\n<meta name=\"twitter:label1\" content=\"Tiempo de lectura\" \/>\n\t<meta name=\"twitter:data1\" content=\"2 minutos\" \/>\n<script type=\"application\/ld+json\" class=\"yoast-schema-graph\">{\"@context\":\"https:\/\/schema.org\",\"@graph\":[{\"@type\":\"WebPage\",\"@id\":\"https:\/\/cartridgezone.es\/index.php\/product\/canon-708h-715h-negro-cartucho-de-toner-generico-universal\/\",\"url\":\"https:\/\/cartridgezone.es\/index.php\/product\/canon-708h-715h-negro-cartucho-de-toner-generico-universal\/\",\"name\":\"CANON 708H\/715H NEGRO GENERICO - Cartridge&#039;s Zone\",\"isPartOf\":{\"@id\":\"https:\/\/cartridgezone.es\/#website\"},\"primaryImageOfPage\":{\"@id\":\"https:\/\/cartridgezone.es\/index.php\/product\/canon-708h-715h-negro-cartucho-de-toner-generico-universal\/#primaryimage\"},\"image\":{\"@id\":\"https:\/\/cartridgezone.es\/index.php\/product\/canon-708h-715h-negro-cartucho-de-toner-generico-universal\/#primaryimage\"},\"thumbnailUrl\":\"https:\/\/cartridgezone.es\/wp-content\/uploads\/2021\/02\/TONER-NEGRO.jpg\",\"datePublished\":\"2021-02-21T11:46:49+00:00\",\"dateModified\":\"2023-03-02T17:13:50+00:00\",\"description\":\"Pide tu toner CANON 708H\/715H NEGRO GENERICO antes de las 14:00h y rec\u00edbelo ma\u00f1ana. Env\u00edo r\u00e1pido. Marcas: Canon, HP, Epson, Brother, OKI, Samsung.\",\"breadcrumb\":{\"@id\":\"https:\/\/cartridgezone.es\/index.php\/product\/canon-708h-715h-negro-cartucho-de-toner-generico-universal\/#breadcrumb\"},\"inLanguage\":\"es\",\"potentialAction\":[{\"@type\":\"ReadAction\",\"target\":[\"https:\/\/cartridgezone.es\/index.php\/product\/canon-708h-715h-negro-cartucho-de-toner-generico-universal\/\"]}]},{\"@type\":\"ImageObject\",\"inLanguage\":\"es\",\"@id\":\"https:\/\/cartridgezone.es\/index.php\/product\/canon-708h-715h-negro-cartucho-de-toner-generico-universal\/#primaryimage\",\"url\":\"https:\/\/cartridgezone.es\/wp-content\/uploads\/2021\/02\/TONER-NEGRO.jpg\",\"contentUrl\":\"https:\/\/cartridgezone.es\/wp-content\/uploads\/2021\/02\/TONER-NEGRO.jpg\",\"width\":800,\"height\":800,\"caption\":\"TONER NEGRO\"},{\"@type\":\"BreadcrumbList\",\"@id\":\"https:\/\/cartridgezone.es\/index.php\/product\/canon-708h-715h-negro-cartucho-de-toner-generico-universal\/#breadcrumb\",\"itemListElement\":[{\"@type\":\"ListItem\",\"position\":1,\"name\":\"Home\",\"item\":\"https:\/\/cartridgezone.es\/\"},{\"@type\":\"ListItem\",\"position\":2,\"name\":\"Shop\",\"item\":\"https:\/\/cartridgezone.es\/index.php\/shop\/\"},{\"@type\":\"ListItem\",\"position\":3,\"name\":\"CANON 708H\/715H NEGRO GENERICO\"}]},{\"@type\":\"WebSite\",\"@id\":\"https:\/\/cartridgezone.es\/#website\",\"url\":\"https:\/\/cartridgezone.es\/\",\"name\":\"Cartridge&#039;s Zone\",\"description\":\"Cartuchos de tinta y t\u00f3ner\",\"publisher\":{\"@id\":\"https:\/\/cartridgezone.es\/#organization\"},\"potentialAction\":[{\"@type\":\"SearchAction\",\"target\":{\"@type\":\"EntryPoint\",\"urlTemplate\":\"https:\/\/cartridgezone.es\/?s={search_term_string}\"},\"query-input\":{\"@type\":\"PropertyValueSpecification\",\"valueRequired\":true,\"valueName\":\"search_term_string\"}}],\"inLanguage\":\"es\"},{\"@type\":\"Organization\",\"@id\":\"https:\/\/cartridgezone.es\/#organization\",\"name\":\"CartridgeZone\",\"url\":\"https:\/\/cartridgezone.es\/\",\"logo\":{\"@type\":\"ImageObject\",\"inLanguage\":\"es\",\"@id\":\"https:\/\/cartridgezone.es\/#\/schema\/logo\/image\/\",\"url\":\"https:\/\/cartridgezone.es\/wp-content\/uploads\/2022\/07\/logo-2.jpeg\",\"contentUrl\":\"https:\/\/cartridgezone.es\/wp-content\/uploads\/2022\/07\/logo-2.jpeg\",\"width\":866,\"height\":352,\"caption\":\"CartridgeZone\"},\"image\":{\"@id\":\"https:\/\/cartridgezone.es\/#\/schema\/logo\/image\/\"},\"sameAs\":[\"https:\/\/es-la.facebook.com\/cartridgezone\/\",\"https:\/\/www.instagram.com\/cartridge_zone\/\"]}]}<\/script>\n<!-- \/ Yoast SEO plugin. -->","yoast_head_json":{"title":"CANON 708H\/715H NEGRO GENERICO - Cartridge&#039;s Zone","description":"Pide tu toner CANON 708H\/715H NEGRO GENERICO antes de las 14:00h y rec\u00edbelo ma\u00f1ana. Env\u00edo r\u00e1pido. Marcas: Canon, HP, Epson, Brother, OKI, Samsung.","robots":{"index":"index","follow":"follow","max-snippet":"max-snippet:-1","max-image-preview":"max-image-preview:large","max-video-preview":"max-video-preview:-1"},"canonical":"https:\/\/cartridgezone.es\/index.php\/product\/canon-708h-715h-negro-cartucho-de-toner-generico-universal\/","og_locale":"es_ES","og_type":"article","og_title":"CANON 708H\/715H NEGRO GENERICO - Cartridge&#039;s Zone","og_description":"Pide tu toner CANON 708H\/715H NEGRO GENERICO antes de las 14:00h y rec\u00edbelo ma\u00f1ana. Env\u00edo r\u00e1pido. Marcas: Canon, HP, Epson, Brother, OKI, Samsung.","og_url":"https:\/\/cartridgezone.es\/index.php\/product\/canon-708h-715h-negro-cartucho-de-toner-generico-universal\/","og_site_name":"Cartridge&#039;s Zone","article_publisher":"https:\/\/es-la.facebook.com\/cartridgezone\/","article_modified_time":"2023-03-02T17:13:50+00:00","og_image":[{"width":800,"height":800,"url":"https:\/\/cartridgezone.es\/wp-content\/uploads\/2021\/02\/TONER-NEGRO.jpg","type":"image\/jpeg"}],"twitter_card":"summary_large_image","twitter_misc":{"Tiempo de lectura":"2 minutos"},"schema":{"@context":"https:\/\/schema.org","@graph":[{"@type":"WebPage","@id":"https:\/\/cartridgezone.es\/index.php\/product\/canon-708h-715h-negro-cartucho-de-toner-generico-universal\/","url":"https:\/\/cartridgezone.es\/index.php\/product\/canon-708h-715h-negro-cartucho-de-toner-generico-universal\/","name":"CANON 708H\/715H NEGRO GENERICO - Cartridge&#039;s Zone","isPartOf":{"@id":"https:\/\/cartridgezone.es\/#website"},"primaryImageOfPage":{"@id":"https:\/\/cartridgezone.es\/index.php\/product\/canon-708h-715h-negro-cartucho-de-toner-generico-universal\/#primaryimage"},"image":{"@id":"https:\/\/cartridgezone.es\/index.php\/product\/canon-708h-715h-negro-cartucho-de-toner-generico-universal\/#primaryimage"},"thumbnailUrl":"https:\/\/cartridgezone.es\/wp-content\/uploads\/2021\/02\/TONER-NEGRO.jpg","datePublished":"2021-02-21T11:46:49+00:00","dateModified":"2023-03-02T17:13:50+00:00","description":"Pide tu toner CANON 708H\/715H NEGRO GENERICO antes de las 14:00h y rec\u00edbelo ma\u00f1ana. Env\u00edo r\u00e1pido. Marcas: Canon, HP, Epson, Brother, OKI, Samsung.","breadcrumb":{"@id":"https:\/\/cartridgezone.es\/index.php\/product\/canon-708h-715h-negro-cartucho-de-toner-generico-universal\/#breadcrumb"},"inLanguage":"es","potentialAction":[{"@type":"ReadAction","target":["https:\/\/cartridgezone.es\/index.php\/product\/canon-708h-715h-negro-cartucho-de-toner-generico-universal\/"]}]},{"@type":"ImageObject","inLanguage":"es","@id":"https:\/\/cartridgezone.es\/index.php\/product\/canon-708h-715h-negro-cartucho-de-toner-generico-universal\/#primaryimage","url":"https:\/\/cartridgezone.es\/wp-content\/uploads\/2021\/02\/TONER-NEGRO.jpg","contentUrl":"https:\/\/cartridgezone.es\/wp-content\/uploads\/2021\/02\/TONER-NEGRO.jpg","width":800,"height":800,"caption":"TONER NEGRO"},{"@type":"BreadcrumbList","@id":"https:\/\/cartridgezone.es\/index.php\/product\/canon-708h-715h-negro-cartucho-de-toner-generico-universal\/#breadcrumb","itemListElement":[{"@type":"ListItem","position":1,"name":"Home","item":"https:\/\/cartridgezone.es\/"},{"@type":"ListItem","position":2,"name":"Shop","item":"https:\/\/cartridgezone.es\/index.php\/shop\/"},{"@type":"ListItem","position":3,"name":"CANON 708H\/715H NEGRO GENERICO"}]},{"@type":"WebSite","@id":"https:\/\/cartridgezone.es\/#website","url":"https:\/\/cartridgezone.es\/","name":"Cartridge&#039;s Zone","description":"Cartuchos de tinta y t\u00f3ner","publisher":{"@id":"https:\/\/cartridgezone.es\/#organization"},"potentialAction":[{"@type":"SearchAction","target":{"@type":"EntryPoint","urlTemplate":"https:\/\/cartridgezone.es\/?s={search_term_string}"},"query-input":{"@type":"PropertyValueSpecification","valueRequired":true,"valueName":"search_term_string"}}],"inLanguage":"es"},{"@type":"Organization","@id":"https:\/\/cartridgezone.es\/#organization","name":"CartridgeZone","url":"https:\/\/cartridgezone.es\/","logo":{"@type":"ImageObject","inLanguage":"es","@id":"https:\/\/cartridgezone.es\/#\/schema\/logo\/image\/","url":"https:\/\/cartridgezone.es\/wp-content\/uploads\/2022\/07\/logo-2.jpeg","contentUrl":"https:\/\/cartridgezone.es\/wp-content\/uploads\/2022\/07\/logo-2.jpeg","width":866,"height":352,"caption":"CartridgeZone"},"image":{"@id":"https:\/\/cartridgezone.es\/#\/schema\/logo\/image\/"},"sameAs":["https:\/\/es-la.facebook.com\/cartridgezone\/","https:\/\/www.instagram.com\/cartridge_zone\/"]}]}},"jetpack_publicize_connections":[],"jetpack_sharing_enabled":true,"_links":{"self":[{"href":"https:\/\/cartridgezone.es\/index.php\/wp-json\/wp\/v2\/product\/10697","targetHints":{"allow":["GET"]}}],"collection":[{"href":"https:\/\/cartridgezone.es\/index.php\/wp-json\/wp\/v2\/product"}],"about":[{"href":"https:\/\/cartridgezone.es\/index.php\/wp-json\/wp\/v2\/types\/product"}],"replies":[{"embeddable":true,"href":"https:\/\/cartridgezone.es\/index.php\/wp-json\/wp\/v2\/comments?post=10697"}],"version-history":[{"count":2,"href":"https:\/\/cartridgezone.es\/index.php\/wp-json\/wp\/v2\/product\/10697\/revisions"}],"predecessor-version":[{"id":11118,"href":"https:\/\/cartridgezone.es\/index.php\/wp-json\/wp\/v2\/product\/10697\/revisions\/11118"}],"wp:featuredmedia":[{"embeddable":true,"href":"https:\/\/cartridgezone.es\/index.php\/wp-json\/wp\/v2\/media\/10543"}],"wp:attachment":[{"href":"https:\/\/cartridgezone.es\/index.php\/wp-json\/wp\/v2\/media?parent=10697"}],"wp:term":[{"taxonomy":"product_brand","embeddable":true,"href":"https:\/\/cartridgezone.es\/index.php\/wp-json\/wp\/v2\/product_brand?post=10697"},{"taxonomy":"product_cat","embeddable":true,"href":"https:\/\/cartridgezone.es\/index.php\/wp-json\/wp\/v2\/product_cat?post=10697"},{"taxonomy":"product_tag","embeddable":true,"href":"https:\/\/cartridgezone.es\/index.php\/wp-json\/wp\/v2\/product_tag?post=10697"}],"curies":[{"name":"wp","href":"https:\/\/api.w.org\/{rel}","templated":true}]}}