{"id":2727,"date":"2012-10-19T12:37:15","date_gmt":"2012-10-19T12:37:15","guid":{"rendered":"http:\/\/template-demos.com\/wp\/WP01\/WP010005\/?page_id=2"},"modified":"2021-02-18T19:43:04","modified_gmt":"2021-02-18T19:43:04","slug":"about-us","status":"publish","type":"page","link":"https:\/\/cartridgezone.es\/index.php\/about-us\/","title":{"rendered":"Sobre nosotros"},"content":{"rendered":"<p>[vc_row][vc_column]<div class=\"shortcode-title center \"><h1 class=\"normal-title\" style=\"color:#000000;\">CON\u00d3CENOS<\/h1><\/div>[vc_column_text]Somos una empresa riojana l\u00edder en el sector de la impresi\u00f3n desde el a\u00f1o 2012. Nos encontramos en el centro de Logro\u00f1o, en Avenida P\u00e9rez Gald\u00f3s 43. \u00a1P\u00e1sate por nuestra tienda y pide presupuesto sin compromiso![\/vc_column_text][vc_column_text]Catridge&#8217;s Zone es una empresa que ofrece la venta de cartuchos de tinta y t\u00f3ner y todo tipo de impresoras. Todo de primera calidad, siendo adem\u00e1s responsables con el medioambiente, ya que reciclamos de forma adecuada cada componente de los cartuchos reciclados.<\/p>\n<p>Tiene a su disposici\u00f3n una gran variedad de cartuchos entre ellos: Remanufacturados (originales reciclados),Originales Y Compatibles<\/p>\n<p>Si tienes alguna duda sobre cu\u00e1l es el m\u00e1s adecuado para ti, no dudes en ponerte en contacto con nosotros en el 941 502813, por whatssap en el 699603470 o mediamente correo electr\u00f3nico.[\/vc_column_text][\/vc_column][\/vc_row][vc_row css=\u00bb.vc_custom_1568717850197{padding-bottom: 30px !important;background-position: center !important;background-repeat: no-repeat !important;background-size: cover !important;}\u00bb][vc_column]<div class=\"shortcode-title center \"><h1 class=\"normal-title\">SERVICIOS QUE OFRECEMOS<\/h1><h3 class=\"sub-title\">Tenemos a su disposici\u00f3n una gran cantidad de servicios diferentes.<\/h3><\/div>[vc_row_inner css=\u00bb.vc_custom_1568717715054{padding-bottom: 30px !important;}\u00bb][vc_column_inner width=\u00bb1\/3&#8243;][vc_single_image image=\u00bb10450&#8243; img_size=\u00bb35&#215;35&#8243; alignment=\u00bbcenter\u00bb][vc_column_text]<\/p>\n<p style=\"text-align: center;\"><strong>Recarga de cartuchos originales:<\/strong><\/p>\n<p>Ahorra hasta un 50% y colabora con el medioambiente recargando sus cartuchos originales en nuestra tienda.[\/vc_column_text][\/vc_column_inner][vc_column_inner width=\u00bb1\/3&#8243;][vc_single_image image=\u00bb10460&#8243; img_size=\u00bb35&#215;35&#8243; alignment=\u00bbcenter\u00bb][vc_column_text]<\/p>\n<p style=\"text-align: center;\"><strong>Mantenimiento e instalaci\u00f3n de impresoras:<\/strong><\/p>\n<p>Montaje de impresoras, limpieza de inyectores, t\u00f3nicos de limpieza, revisiones&#8230; Presupuestos de reparaci\u00f3n gratuitos[\/vc_column_text][\/vc_column_inner][vc_column_inner width=\u00bb1\/3&#8243; css=\u00bb.vc_custom_1587334126348{padding-left: 10px !important;}\u00bb][vc_single_image image=\u00bb10452&#8243; img_size=\u00bb35&#215;35&#8243; alignment=\u00bbcenter\u00bb][vc_column_text]<\/p>\n<p style=\"text-align: center;\"><strong>Mantenimiento de coste por copia:<\/strong><\/p>\n<p>Olv\u00eddate del mantenimiento de tu impresora con nuestro servicio de coste por copia. Pide presupuesto sin compromiso.[\/vc_column_text][\/vc_column_inner][\/vc_row_inner][vc_row_inner][vc_column_inner width=\u00bb1\/3&#8243;][vc_single_image image=\u00bb10451&#8243; img_size=\u00bb35&#215;35&#8243; alignment=\u00bbcenter\u00bb][vc_column_text]<\/p>\n<p style=\"text-align: center;\"><strong>Trabajos de impresi\u00f3n:<\/strong><\/p>\n<p>Fotocopias, encuadernaciones, tarjetas de visita, flyers&#8230;[\/vc_column_text][\/vc_column_inner][vc_column_inner width=\u00bb1\/3&#8243;][vc_single_image image=\u00bb10453&#8243; img_size=\u00bb35&#215;35&#8243; alignment=\u00bbcenter\u00bb][vc_column_text]<\/p>\n<p style=\"text-align: center;\"><strong>Reparaciones inform\u00e1ticas:<\/strong><\/p>\n<p>Reparaci\u00f3n y revisi\u00f3n de impresoras y ordenadores.[\/vc_column_text][\/vc_column_inner][vc_column_inner width=\u00bb1\/3&#8243;][vc_single_image image=\u00bb10454&#8243; img_size=\u00bb35&#215;35&#8243; alignment=\u00bbcenter\u00bb][vc_column_text]<\/p>\n<p style=\"text-align: center;\"><strong>Venta de material inform\u00e1tico:<\/strong><\/p>\n<p>Tenemos a su disposici\u00f3n una gran variedad de impresoras, ordenadores y otros accesorios inform\u00e1ticos.[\/vc_column_text][\/vc_column_inner][\/vc_row_inner][\/vc_column][\/vc_row][vc_row][vc_column]<div class=\"shortcode-title center \"><h1 class=\"normal-title\">\u00bfD\u00d3NDE ESTAMOS?<\/h1><\/div>[vc_gmaps link=\u00bb#E-8_JTNDaWZyYW1lJTIwc3JjJTNEJTIyaHR0cHMlM0ElMkYlMkZ3d3cuZ29vZ2xlLmNvbSUyRm1hcHMlMkZlbWJlZCUzRnBiJTNEJTIxMW0xOCUyMTFtMTIlMjExbTMlMjExZDI5NDMuMzg0NDcyNzM1MjI1NyUyMTJkLTIuNDU0MzAzMDQ4Nzk3ODE3NyUyMTNkNDIuNDYyMTEwOTc5MDc4MDQlMjEybTMlMjExZjAlMjEyZjAlMjEzZjAlMjEzbTIlMjExaTEwMjQlMjEyaTc2OCUyMTRmMTMuMSUyMTNtMyUyMTFtMiUyMTFzMHhkNWFhYjQ2MGZkY2U5YjklMjUzQTB4Nzk1ZTQxNTA5NGQzMTFiJTIxMnNDYXJ0cmlkZ2UlMjVFMiUyNTgwJTI1OTlzJTI1MjBab25lJTI1MjAtJTI1MjBDYXJ0dWNob3MlMjUyQyUyNTIwVCUyNUMzJTI1QjNuZXIlMjUyMGUlMjUyMEltcHJlc29yYXMlMjE1ZTAlMjEzbTIlMjExc2VzJTIxMnNlcyUyMTR2MTYxMzY3NzI1Mzc3NyUyMTVtMiUyMTFzZXMlMjEyc2VzJTIyJTIwd2lkdGglM0QlMjI2MDAlMjIlMjBoZWlnaHQlM0QlMjI0NTAlMjIlMjBmcmFtZWJvcmRlciUzRCUyMjAlMjIlMjBzdHlsZSUzRCUyMmJvcmRlciUzQTAlM0IlMjIlMjBhbGxvd2Z1bGxzY3JlZW4lM0QlMjIlMjIlMjBhcmlhLWhpZGRlbiUzRCUyMmZhbHNlJTIyJTIwdGFiaW5kZXglM0QlMjIwJTIyJTNFJTNDJTJGaWZyYW1lJTNF\u00bb][\/vc_column][\/vc_row][vc_row][vc_column][\/vc_column][\/vc_row]<\/p>\n","protected":false},"excerpt":{"rendered":"<p>[vc_row][vc_column][vc_column_text]Somos una empresa riojana l\u00edder en el sector de la impresi\u00f3n desde el a\u00f1o 2012. Nos encontramos en el centro de Logro\u00f1o, en Avenida P\u00e9rez Gald\u00f3s 43. \u00a1P\u00e1sate por nuestra tienda y pide presupuesto sin compromiso![\/vc_column_text][vc_column_text]Catridge&#8217;s Zone es una empresa que ofrece la venta de cartuchos de tinta y t\u00f3ner y todo tipo de impresoras. [&hellip;]<\/p>\n","protected":false},"author":2,"featured_media":0,"parent":0,"menu_order":0,"comment_status":"closed","ping_status":"open","template":"","meta":{"jetpack_post_was_ever_published":false,"footnotes":""},"class_list":["post-2727","page","type-page","status-publish","hentry"],"yoast_head":"<!-- This site is optimized with the Yoast SEO plugin v27.2 - https:\/\/yoast.com\/product\/yoast-seo-wordpress\/ -->\n<title>Sobre nosotros - Cartridge&#039;s Zone<\/title>\n<meta name=\"robots\" content=\"index, follow, max-snippet:-1, max-image-preview:large, max-video-preview:-1\" \/>\n<link rel=\"canonical\" href=\"https:\/\/cartridgezone.es\/index.php\/about-us\/\" \/>\n<meta property=\"og:locale\" content=\"es_ES\" \/>\n<meta property=\"og:type\" content=\"article\" \/>\n<meta property=\"og:title\" content=\"Sobre nosotros - Cartridge&#039;s Zone\" \/>\n<meta property=\"og:description\" content=\"[vc_row][vc_column][vc_column_text]Somos una empresa riojana l\u00edder en el sector de la impresi\u00f3n desde el a\u00f1o 2012. Nos encontramos en el centro de Logro\u00f1o, en Avenida P\u00e9rez Gald\u00f3s 43. \u00a1P\u00e1sate por nuestra tienda y pide presupuesto sin compromiso![\/vc_column_text][vc_column_text]Catridge&#8217;s Zone es una empresa que ofrece la venta de cartuchos de tinta y t\u00f3ner y todo tipo de impresoras. [&hellip;]\" \/>\n<meta property=\"og:url\" content=\"https:\/\/cartridgezone.es\/index.php\/about-us\/\" \/>\n<meta property=\"og:site_name\" content=\"Cartridge&#039;s Zone\" \/>\n<meta property=\"article:publisher\" content=\"https:\/\/es-la.facebook.com\/cartridgezone\/\" \/>\n<meta property=\"article:modified_time\" content=\"2021-02-18T19:43:04+00:00\" \/>\n<meta name=\"twitter:card\" content=\"summary_large_image\" \/>\n<meta name=\"twitter:label1\" content=\"Tiempo de lectura\" \/>\n\t<meta name=\"twitter:data1\" content=\"3 minutos\" \/>\n<script type=\"application\/ld+json\" class=\"yoast-schema-graph\">{\"@context\":\"https:\/\/schema.org\",\"@graph\":[{\"@type\":\"WebPage\",\"@id\":\"https:\/\/cartridgezone.es\/index.php\/about-us\/\",\"url\":\"https:\/\/cartridgezone.es\/index.php\/about-us\/\",\"name\":\"Sobre nosotros - Cartridge&#039;s Zone\",\"isPartOf\":{\"@id\":\"https:\/\/cartridgezone.es\/#website\"},\"datePublished\":\"2012-10-19T12:37:15+00:00\",\"dateModified\":\"2021-02-18T19:43:04+00:00\",\"breadcrumb\":{\"@id\":\"https:\/\/cartridgezone.es\/index.php\/about-us\/#breadcrumb\"},\"inLanguage\":\"es\",\"potentialAction\":[{\"@type\":\"ReadAction\",\"target\":[\"https:\/\/cartridgezone.es\/index.php\/about-us\/\"]}]},{\"@type\":\"BreadcrumbList\",\"@id\":\"https:\/\/cartridgezone.es\/index.php\/about-us\/#breadcrumb\",\"itemListElement\":[{\"@type\":\"ListItem\",\"position\":1,\"name\":\"Home\",\"item\":\"https:\/\/cartridgezone.es\/\"},{\"@type\":\"ListItem\",\"position\":2,\"name\":\"Sobre nosotros\"}]},{\"@type\":\"WebSite\",\"@id\":\"https:\/\/cartridgezone.es\/#website\",\"url\":\"https:\/\/cartridgezone.es\/\",\"name\":\"Cartridge&#039;s Zone\",\"description\":\"Cartuchos de tinta y t\u00f3ner\",\"publisher\":{\"@id\":\"https:\/\/cartridgezone.es\/#organization\"},\"potentialAction\":[{\"@type\":\"SearchAction\",\"target\":{\"@type\":\"EntryPoint\",\"urlTemplate\":\"https:\/\/cartridgezone.es\/?s={search_term_string}\"},\"query-input\":{\"@type\":\"PropertyValueSpecification\",\"valueRequired\":true,\"valueName\":\"search_term_string\"}}],\"inLanguage\":\"es\"},{\"@type\":\"Organization\",\"@id\":\"https:\/\/cartridgezone.es\/#organization\",\"name\":\"CartridgeZone\",\"url\":\"https:\/\/cartridgezone.es\/\",\"logo\":{\"@type\":\"ImageObject\",\"inLanguage\":\"es\",\"@id\":\"https:\/\/cartridgezone.es\/#\/schema\/logo\/image\/\",\"url\":\"https:\/\/cartridgezone.es\/wp-content\/uploads\/2022\/07\/logo-2.jpeg\",\"contentUrl\":\"https:\/\/cartridgezone.es\/wp-content\/uploads\/2022\/07\/logo-2.jpeg\",\"width\":866,\"height\":352,\"caption\":\"CartridgeZone\"},\"image\":{\"@id\":\"https:\/\/cartridgezone.es\/#\/schema\/logo\/image\/\"},\"sameAs\":[\"https:\/\/es-la.facebook.com\/cartridgezone\/\",\"https:\/\/www.instagram.com\/cartridge_zone\/\"]}]}<\/script>\n<!-- \/ Yoast SEO plugin. -->","yoast_head_json":{"title":"Sobre nosotros - Cartridge&#039;s Zone","robots":{"index":"index","follow":"follow","max-snippet":"max-snippet:-1","max-image-preview":"max-image-preview:large","max-video-preview":"max-video-preview:-1"},"canonical":"https:\/\/cartridgezone.es\/index.php\/about-us\/","og_locale":"es_ES","og_type":"article","og_title":"Sobre nosotros - Cartridge&#039;s Zone","og_description":"[vc_row][vc_column][vc_column_text]Somos una empresa riojana l\u00edder en el sector de la impresi\u00f3n desde el a\u00f1o 2012. Nos encontramos en el centro de Logro\u00f1o, en Avenida P\u00e9rez Gald\u00f3s 43. \u00a1P\u00e1sate por nuestra tienda y pide presupuesto sin compromiso![\/vc_column_text][vc_column_text]Catridge&#8217;s Zone es una empresa que ofrece la venta de cartuchos de tinta y t\u00f3ner y todo tipo de impresoras. [&hellip;]","og_url":"https:\/\/cartridgezone.es\/index.php\/about-us\/","og_site_name":"Cartridge&#039;s Zone","article_publisher":"https:\/\/es-la.facebook.com\/cartridgezone\/","article_modified_time":"2021-02-18T19:43:04+00:00","twitter_card":"summary_large_image","twitter_misc":{"Tiempo de lectura":"3 minutos"},"schema":{"@context":"https:\/\/schema.org","@graph":[{"@type":"WebPage","@id":"https:\/\/cartridgezone.es\/index.php\/about-us\/","url":"https:\/\/cartridgezone.es\/index.php\/about-us\/","name":"Sobre nosotros - Cartridge&#039;s Zone","isPartOf":{"@id":"https:\/\/cartridgezone.es\/#website"},"datePublished":"2012-10-19T12:37:15+00:00","dateModified":"2021-02-18T19:43:04+00:00","breadcrumb":{"@id":"https:\/\/cartridgezone.es\/index.php\/about-us\/#breadcrumb"},"inLanguage":"es","potentialAction":[{"@type":"ReadAction","target":["https:\/\/cartridgezone.es\/index.php\/about-us\/"]}]},{"@type":"BreadcrumbList","@id":"https:\/\/cartridgezone.es\/index.php\/about-us\/#breadcrumb","itemListElement":[{"@type":"ListItem","position":1,"name":"Home","item":"https:\/\/cartridgezone.es\/"},{"@type":"ListItem","position":2,"name":"Sobre nosotros"}]},{"@type":"WebSite","@id":"https:\/\/cartridgezone.es\/#website","url":"https:\/\/cartridgezone.es\/","name":"Cartridge&#039;s Zone","description":"Cartuchos de tinta y t\u00f3ner","publisher":{"@id":"https:\/\/cartridgezone.es\/#organization"},"potentialAction":[{"@type":"SearchAction","target":{"@type":"EntryPoint","urlTemplate":"https:\/\/cartridgezone.es\/?s={search_term_string}"},"query-input":{"@type":"PropertyValueSpecification","valueRequired":true,"valueName":"search_term_string"}}],"inLanguage":"es"},{"@type":"Organization","@id":"https:\/\/cartridgezone.es\/#organization","name":"CartridgeZone","url":"https:\/\/cartridgezone.es\/","logo":{"@type":"ImageObject","inLanguage":"es","@id":"https:\/\/cartridgezone.es\/#\/schema\/logo\/image\/","url":"https:\/\/cartridgezone.es\/wp-content\/uploads\/2022\/07\/logo-2.jpeg","contentUrl":"https:\/\/cartridgezone.es\/wp-content\/uploads\/2022\/07\/logo-2.jpeg","width":866,"height":352,"caption":"CartridgeZone"},"image":{"@id":"https:\/\/cartridgezone.es\/#\/schema\/logo\/image\/"},"sameAs":["https:\/\/es-la.facebook.com\/cartridgezone\/","https:\/\/www.instagram.com\/cartridge_zone\/"]}]}},"jetpack_sharing_enabled":true,"jetpack_shortlink":"https:\/\/wp.me\/Pe8d8h-HZ","_links":{"self":[{"href":"https:\/\/cartridgezone.es\/index.php\/wp-json\/wp\/v2\/pages\/2727","targetHints":{"allow":["GET"]}}],"collection":[{"href":"https:\/\/cartridgezone.es\/index.php\/wp-json\/wp\/v2\/pages"}],"about":[{"href":"https:\/\/cartridgezone.es\/index.php\/wp-json\/wp\/v2\/types\/page"}],"author":[{"embeddable":true,"href":"https:\/\/cartridgezone.es\/index.php\/wp-json\/wp\/v2\/users\/2"}],"replies":[{"embeddable":true,"href":"https:\/\/cartridgezone.es\/index.php\/wp-json\/wp\/v2\/comments?post=2727"}],"version-history":[{"count":18,"href":"https:\/\/cartridgezone.es\/index.php\/wp-json\/wp\/v2\/pages\/2727\/revisions"}],"predecessor-version":[{"id":10597,"href":"https:\/\/cartridgezone.es\/index.php\/wp-json\/wp\/v2\/pages\/2727\/revisions\/10597"}],"wp:attachment":[{"href":"https:\/\/cartridgezone.es\/index.php\/wp-json\/wp\/v2\/media?parent=2727"}],"curies":[{"name":"wp","href":"https:\/\/api.w.org\/{rel}","templated":true}]}}